{"id":75,"date":"2024-03-03T15:44:51","date_gmt":"2024-03-03T14:44:51","guid":{"rendered":"https:\/\/terrenative.it\/?page_id=75"},"modified":"2026-03-26T08:55:52","modified_gmt":"2026-03-26T07:55:52","slug":"ambiti-di-ricerca","status":"publish","type":"page","link":"https:\/\/terrenative.it\/index.php\/ambiti-di-ricerca\/","title":{"rendered":"Ambiti di ricerca"},"content":{"rendered":"\n<p class=\"has-text-align-center has-text-color has-link-color wp-elements-7ce874e54f4223684e010692ebf22bdd\" style=\"color:#4a1e11\">L&#8217;Associazione Terre Native ETS persegue una fitta attivit\u00e0 di ricerca incentrata sulla tematica del radicamento, sia attraverso lo studio e la consultazione in archivio di manoscritti e documenti del passato, sia attraverso un&#8217;azione diretta sul proprio territorio. Diversi sono gli ambiti di indagine dell&#8217;Associazione che, attraverso un&#8217;opera di pubblicazione, riscoperta e approfondimento di diversi contesti di appartenenza, ha tra i sui obiettivi quello di permettere una conoscenza approfondita delle proprie e altrui <em>terre native<\/em>, con l&#8217;obiettivo di fondare un vero e proprio centro di studi sul tema.<\/p>\n\n\n\n<div style=\"height:27px\" aria-hidden=\"true\" class=\"wp-block-spacer\"><\/div>\n\n\n\n<details class=\"wp-block-details has-text-color has-link-color wp-elements-d482b2cafab756ab2e8c2b150588a5ca is-layout-flow wp-block-details-is-layout-flow\" style=\"color:#4a1e11;font-style:normal;font-weight:600\"><summary>Emiliani recenti. Superare la soglia<\/summary>\n<p style=\"font-style:normal;font-weight:100\"><br>Il progetto si propone di interessare i cittadini emiliani alle comunit\u00e0&nbsp;altre&nbsp;che negli ultimi decenni si sono stabilite in citt\u00e0 e in provincia, dove hanno ricavato luoghi identitari propri e autogestiti, con funzione di ritrovo, di omogeneit\u00e0 e di reciproca assistenza con i propri connazionali. Comunit\u00e0 emiliane&nbsp;recenti&nbsp;a tutti gli effetti, ma verso le quali la citt\u00e0 storica fatica a rapportarsi. Si convive, nei luoghi di lavoro, nelle scuole, nelle piazze, nei quartieri, ma c\u2019\u00e8 una difficolt\u00e0 \u2013 spesso una timidezza, pi\u00f9 che una diffidenza \u2013 a varcare la soglia dell\u2019esperienza altrui. Eppure le chiese ortodosse, le moschee, i templi Sikh, le chiese evangeliche hanno una grande diffusione e sono fortemente riconoscibili come luoghi di culto e di rispetto, poich\u00e9 proprio attorno alla religione si salda prevalentemente la coesione delle singole etnie. Sono tuttavia luoghi dove nessun autoctono ritiene di potersi affacciare, nel timore della propria differenza, del non essere gradito. Eppure attraverso un affacciarsi curioso e non prevaricante ci si potrebbe scoprire reciprocamente abitanti della stessa terra, si potrebbe cominciare a dare un nome e un cognome all\u2019altro che abitualmente incrociamo e spesso schiviamo, in nome di una superficialit\u00e0 che non fa onore alla capacit\u00e0 di accoglienza che da sempre contraddistingue la nostra citt\u00e0. La scommessa di&nbsp;Emiliani recenti&nbsp;\u00e8 quella di schiudere qualche porta chiusa, di creare una relazione di avvicinamento e una possibilit\u00e0 di frequenza che il cittadino difficilmente si potrebbe concedere in quanto singolo, attraverso una serie di iniziative concertate con le comunit\u00e0 disponibili.<\/p>\n<\/details>\n\n\n\n<div style=\"height:8px\" aria-hidden=\"true\" class=\"wp-block-spacer\"><\/div>\n\n\n\n<details class=\"wp-block-details has-text-color has-link-color wp-elements-bf968b3b7ce5ede3eea34a17808f1db7 is-layout-flow wp-block-details-is-layout-flow\" style=\"color:#4a1e11;font-style:normal;font-weight:600\"><summary>La legge e il codice. Cronache dell&#8217;Appennino reggiano<\/summary>\n<p style=\"font-style:normal;font-weight:100\"><br>Grazie a una ricerca in corso presso la sede dell\u2019Archivio di Stato di Reggio Emilia, l\u2019Associazione Terre Native \u00e8 impegnata nella ricostruzione di alcuni episodi di cronaca avvenuti negli anni immediatamente successivi all\u2019unificazione del Regno d\u2019Italia nell\u2019alto Appennino reggiano.<\/p>\n\n\n\n<p class=\"has-text-align-left\" style=\"font-style:normal;font-weight:100\">L\u2019idea \u00e8 di scoprire gli esiti sociali di una tale unificazione in territori periferici e geograficamente lontanissimi rispetto agli accadimenti di quegli anni, nello scontro con una societ\u00e0 non ancora toccata da leggi regolamentate e che regge la propria unit\u00e0 su codici verbali antichi.<\/p>\n<\/details>\n\n\n\n<div style=\"height:8px\" aria-hidden=\"true\" class=\"wp-block-spacer\"><\/div>\n\n\n\n<details class=\"wp-block-details has-text-color has-link-color wp-elements-f17e2ee9381864f33a89617aa30210e4 is-layout-flow wp-block-details-is-layout-flow\" style=\"color:#4a1e11;font-style:normal;font-weight:600\"><summary>Le microsociet\u00e0 intellettuali. Storia e attualit\u00e0 dell&#8217;avanguardia decadista<\/summary>\n<p style=\"font-style:normal;font-weight:100\"><br>Con l\u2019obiettivo di approfondire gli studi sulle&nbsp;<em><a href=\"https:\/\/terrenative.it\/index.php\/libri\/\"><strong>D\u00e9cades di Pontigny<\/strong><\/a><\/em>, si intendono esplorare tre&nbsp;<em>microsociet\u00e0 intellettuali<\/em>&nbsp;\u2013 le&nbsp;<em>D\u00e9cades di Pontigny<\/em>, i&nbsp;<em>Simposi<\/em>&nbsp;<em>del Mount Holyoke College<\/em>, i&nbsp;<em>Colloqui di Cerisy-la-Salle<\/em>&nbsp;\u2013 divenute emblema di un\u2019<em>inedita<\/em>&nbsp;forma di cooperazione intellettuale capace di situarsi attivamente all\u2019interno della vicenda storica del Novecento. Attraverso una condivisione di competenze provenienti dai diversi ambiti del sapere umano, forte della convinzione di una permeabilit\u00e0 e di una collaborazione tra i vari domini della conoscenza, questa forma di&nbsp;<em>microsociet\u00e0 intellettuale<\/em>&nbsp;si \u00e8 sviluppata a partire dall\u2019esperimento d\u2019avanguardia delle&nbsp;<em>D\u00e9cades di Pontigny<\/em>, fondate nel 1910 nell\u2019abbazia borgognona di Pontigny grazie all\u2019operato del filosofo e professore parigino Paul Desjardins. A partire dai simposi estivi di Pontigny, era grazie alla cooperazione e alla sinergia tra gruppi di filosofi, pensatoi, politici e intellettuali che ci si riuniva con l\u2019obiettivo di discutere tematiche dalla forte connotazione storica: l\u2019incombenza delle guerre mondiali, la diffusione dei regimi totalitari, il sindacalismo operaio, la formulazione di un diritto comune ai popoli e alle culture.<\/p>\n\n\n\n<p style=\"font-style:normal;font-weight:100\">Con lo scoppio della Seconda guerra mondiale e il trasferimento al Mount Holyoke College in Massachusetts, l\u2019eredit\u00e0 di Pontigny proseguiva grazie all\u2019operato del filosofo Jean Wahl nei&nbsp;<em>Simposi di Pontigny en Am\u00e9rique<\/em>, in cui si riunivano i grandi intellettuali europei esiliati da un\u2019Europa antisemita e totalitaria. Promuovendo l\u2019incontro culturale come momento riflessivo per la rigenerazione morale e spirituale dell\u2019Europa, l\u2019<em>entourage<\/em>&nbsp;dei&nbsp;<em>Simposi<\/em>&nbsp;si poneva alla base di un movimento di Resistenza intellettuale che vedeva nel radicamento in un collettivo di respiro europeo l\u2019unico antidoto alla disgregazione culturale, sociale e storica dei primi anni Quaranta. Con la fine della guerra molti intellettuali esiliati negli Stati Uniti tornarono in Francia, dove gli eredi di Desjardins iniziarono a organizzare i&nbsp;<em>Colloqui di Cerisy-la-Salle<\/em>&nbsp;su influsso dello spirito collegiale di Pontigny. \u00c8 allora lo sviluppo di una vera e propria&nbsp;<em>filosofia del radicamento<\/em>&nbsp;a porsi alla base di una tale ricerca: motivo fondante di questi collettivi \u00e8 stato un ripensamento morale, spirituale e filosofico dell\u2019Europa, promosso grazie a un rivolgimento alle antiche e comuni radici del&nbsp;<em>concerto europeo<\/em>, a un movimento di apertura all\u2019universale, verso la comunit\u00e0 umana e il proprio tempo, ricusando ogni chiusura all\u2019altro uomo e all\u2019altra cultura. Attraverso l\u2019affermazione di una filosofia in atto e profondamente calata nell\u2019accadimento storico, tali collettivi hanno proposto una forma di radicamento e un sentimento di localit\u00e0 e di appartenenza al luogo del tutto aperto a una dimensione collettiva e mai auto-identitaria, caratterizzato da uno slancio verso l\u2019Altro e da un inedito ripensamento filosofico dell\u2019Europa.<\/p>\n\n\n\n<p><a href=\"https:\/\/www.unive.it\/pag\/fileadmin\/user_upload\/dipartimenti\/DSLCC\/documenti\/DEP\/numeri\/n55\/03_Zamboni_Russia.pdf\" target=\"_blank\" rel=\"noreferrer noopener\"><strong>Per approfondire<\/strong><\/a><\/p>\n\n\n\n<p><a href=\"https:\/\/www.unive.it\/pag\/fileadmin\/user_upload\/dipartimenti\/DSLCC\/documenti\/DEP\/numeri\/n._52\/n._53\/10_Zamboni.pdf\" target=\"_blank\" rel=\"noreferrer noopener\"><strong><\/strong><\/a><\/p>\n<\/details>\n\n\n\n<div style=\"height:8px\" aria-hidden=\"true\" class=\"wp-block-spacer\"><\/div>\n\n\n\n<details class=\"wp-block-details has-text-color has-link-color wp-elements-ec6acf316710c0b1ba1e76fc8da51d44 is-layout-flow wp-block-details-is-layout-flow\" style=\"color:#4a1e11;font-style:normal;font-weight:600\"><summary>Il radicamento secondo Simone Weil<\/summary>\n<p style=\"font-style:normal;font-weight:100\"><br>La necessit\u00e0 di radicarsi accompagna la vita degli uomini. Una collettivit\u00e0, la vita familiare, la professione, il luogo di dimora testimoniano le&nbsp;<em>multiple<\/em>&nbsp;radici dell\u2019uomo nell\u2019esistenza, rendendolo&nbsp;<em>domestico<\/em>, desideroso di una terra d\u2019origine. Lo raccontava l\u2019intellettuale francese Simone Weil nel suo saggio&nbsp;<em>L\u2019enracinement<\/em>, scritto tra la fine del 1942 e i primi mesi del 1943, poco prima della morte dell\u2019autrice nell\u2019agosto dello stesso anno. Angosciata dalla sensazione di defezione nei confronti del proprio paese durante il suo esilio londinese, Simone Weil vedeva nella partecipazione diretta alla sventura comune degli uomini un antidoto allo sradicamento, fosse questo personale, sociale o politico: ai suoi occhi era nell\u2019imminente possibilit\u00e0 di perdita e di disgregazione, nella dissoluzione delle generazioni che l\u2019uomo del Novecento viveva, sradicato. In opposizione a un tale sentimento, l\u2019intellettuale francese elaborava la categoria filosofica del&nbsp;<em>radicamento<\/em>, intendendolo come il bisogno pi\u00f9 importante e misconosciuto dell\u2019anima umana, un radicamento che sapesse accomunare gli uomini di contro all\u2019estinguersi generale dovuto alla guerra. Era il dominio della forza e della sopraffazione a privare l\u2019uomo delle proprie radici. Agli occhi di Simone Weil, la distruzione della citt\u00e0 di Troia si rendeva emblema della crisi di civilt\u00e0 che l\u2019Occidente stava attraversando in quegli anni e a cui l\u2019intellettuale francese opponeva la necessit\u00e0 di un radicamento morale e spirituale per la rigenerazione dell\u2019Europa stessa. All\u2019incombere ineluttabile della forza nella vita quotidiana europea, Simone Weil opponeva la necessit\u00e0 di un legame tra gli uomini capace di radicarli, grazie alla condivisione di un\u2019appartenenza culturale e spirituale. La condizione di estremo sradicamento \u2013 operaio, contadino e infine geografico, di cui la stessa Simone Weil scriveva in&nbsp;<em>L\u2019enracinement<\/em>&nbsp;\u2013 angosciava l\u2019Europa degli anni Quaranta e ad essa l\u2019intellettuale francese opponeva la ricerca nel passato delle radici comuni degli uomini europei, ponendo a fondamento della sua riflessione londinese l\u2019indagine del fallimento occidentale e della sua origine. Ci si apriva allora alla necessit\u00e0 di una nuova ispirazione morale e religiosa che fosse realmente fonte di radicamento e di civilt\u00e0: era nella vocazione spirituale della Grecia antica che l\u2019intellettuale francese rinveniva lo stimolo necessario alla ricerca di una vocazione del tutto europea.<\/p>\n\n\n\n<p><a href=\"https:\/\/www.unive.it\/pag\/fileadmin\/user_upload\/dipartimenti\/DSLCC\/documenti\/DEP\/numeri\/n52\/n._53\/10_Zamboni.pdf\" target=\"_blank\" rel=\"noreferrer noopener\"><strong>Per approfondire<\/strong><\/a><\/p>\n<\/details>\n","protected":false},"excerpt":{"rendered":"<p>L&#8217;Associazione Terre Native ETS persegue una fitta attivit\u00e0 di ricerca incentrata sulla tematica del radicamento, sia attraverso lo studio e la consultazione in archivio di manoscritti e documenti del passato, sia attraverso un&#8217;azione diretta sul proprio territorio. Diversi sono gli ambiti di indagine dell&#8217;Associazione che, attraverso un&#8217;opera di pubblicazione, riscoperta e approfondimento di diversi contesti &hellip; <\/p>\n<p class=\"link-more\"><a href=\"https:\/\/terrenative.it\/index.php\/ambiti-di-ricerca\/\" class=\"more-link\">Continue reading<span class=\"screen-reader-text\"> &#8220;Ambiti di ricerca&#8221;<\/span><\/a><\/p>\n","protected":false},"author":1,"featured_media":0,"parent":0,"menu_order":0,"comment_status":"closed","ping_status":"closed","template":"","meta":{"_themeisle_gutenberg_block_has_review":false,"footnotes":""},"yoast_head":"<!-- This site is optimized with the Yoast SEO plugin v22.8 - https:\/\/yoast.com\/wordpress\/plugins\/seo\/ -->\n<title>Ambiti di ricerca - Terre native\u00ae<\/title>\n<meta name=\"description\" content=\"Praticare e raccontare radici, legami, identit\u00e0 di luogo. Indagare varie forme di appartenenza, diversi territori, molteplici provenienze.\" \/>\n<meta name=\"robots\" content=\"index, follow, max-snippet:-1, max-image-preview:large, max-video-preview:-1\" \/>\n<link rel=\"canonical\" href=\"https:\/\/terrenative.it\/index.php\/ambiti-di-ricerca\/\" \/>\n<meta property=\"og:locale\" content=\"en_US\" \/>\n<meta property=\"og:type\" content=\"article\" \/>\n<meta property=\"og:title\" content=\"Ambiti di ricerca - Terre native\u00ae\" \/>\n<meta property=\"og:description\" content=\"Praticare e raccontare radici, legami, identit\u00e0 di luogo. Indagare varie forme di appartenenza, diversi territori, molteplici provenienze.\" \/>\n<meta property=\"og:url\" content=\"https:\/\/terrenative.it\/index.php\/ambiti-di-ricerca\/\" \/>\n<meta property=\"og:site_name\" content=\"Terre native\u00ae\" \/>\n<meta property=\"article:modified_time\" content=\"2026-03-26T07:55:52+00:00\" \/>\n<meta name=\"twitter:card\" content=\"summary_large_image\" \/>\n<meta name=\"twitter:label1\" content=\"Est. reading time\" \/>\n\t<meta name=\"twitter:data1\" content=\"6 minutes\" \/>\n<script type=\"application\/ld+json\" class=\"yoast-schema-graph\">{\"@context\":\"https:\/\/schema.org\",\"@graph\":[{\"@type\":\"WebPage\",\"@id\":\"https:\/\/terrenative.it\/index.php\/ambiti-di-ricerca\/\",\"url\":\"https:\/\/terrenative.it\/index.php\/ambiti-di-ricerca\/\",\"name\":\"Ambiti di ricerca - Terre native\u00ae\",\"isPartOf\":{\"@id\":\"https:\/\/terrenative.it\/#website\"},\"datePublished\":\"2024-03-03T14:44:51+00:00\",\"dateModified\":\"2026-03-26T07:55:52+00:00\",\"description\":\"Praticare e raccontare radici, legami, identit\u00e0 di luogo. Indagare varie forme di appartenenza, diversi territori, molteplici provenienze.\",\"breadcrumb\":{\"@id\":\"https:\/\/terrenative.it\/index.php\/ambiti-di-ricerca\/#breadcrumb\"},\"inLanguage\":\"en-US\",\"potentialAction\":[{\"@type\":\"ReadAction\",\"target\":[\"https:\/\/terrenative.it\/index.php\/ambiti-di-ricerca\/\"]}]},{\"@type\":\"BreadcrumbList\",\"@id\":\"https:\/\/terrenative.it\/index.php\/ambiti-di-ricerca\/#breadcrumb\",\"itemListElement\":[{\"@type\":\"ListItem\",\"position\":1,\"name\":\"Home\",\"item\":\"https:\/\/terrenative.it\/\"},{\"@type\":\"ListItem\",\"position\":2,\"name\":\"Ambiti di ricerca\"}]},{\"@type\":\"WebSite\",\"@id\":\"https:\/\/terrenative.it\/#website\",\"url\":\"https:\/\/terrenative.it\/\",\"name\":\"Terre native\u00ae\",\"description\":\"Associazione culturale\",\"publisher\":{\"@id\":\"https:\/\/terrenative.it\/#organization\"},\"potentialAction\":[{\"@type\":\"SearchAction\",\"target\":{\"@type\":\"EntryPoint\",\"urlTemplate\":\"https:\/\/terrenative.it\/?s={search_term_string}\"},\"query-input\":\"required name=search_term_string\"}],\"inLanguage\":\"en-US\"},{\"@type\":\"Organization\",\"@id\":\"https:\/\/terrenative.it\/#organization\",\"name\":\"Terre native\u00ae\",\"url\":\"https:\/\/terrenative.it\/\",\"logo\":{\"@type\":\"ImageObject\",\"inLanguage\":\"en-US\",\"@id\":\"https:\/\/terrenative.it\/#\/schema\/logo\/image\/\",\"url\":\"https:\/\/terrenative.it\/wp-content\/uploads\/2025\/02\/cropped-Logo_Terre_Native_bianco_X-1.png\",\"contentUrl\":\"https:\/\/terrenative.it\/wp-content\/uploads\/2025\/02\/cropped-Logo_Terre_Native_bianco_X-1.png\",\"width\":2721,\"height\":1998,\"caption\":\"Terre native\u00ae\"},\"image\":{\"@id\":\"https:\/\/terrenative.it\/#\/schema\/logo\/image\/\"}}]}<\/script>\n<!-- \/ Yoast SEO plugin. -->","yoast_head_json":{"title":"Ambiti di ricerca - Terre native\u00ae","description":"Praticare e raccontare radici, legami, identit\u00e0 di luogo. Indagare varie forme di appartenenza, diversi territori, molteplici provenienze.","robots":{"index":"index","follow":"follow","max-snippet":"max-snippet:-1","max-image-preview":"max-image-preview:large","max-video-preview":"max-video-preview:-1"},"canonical":"https:\/\/terrenative.it\/index.php\/ambiti-di-ricerca\/","og_locale":"en_US","og_type":"article","og_title":"Ambiti di ricerca - Terre native\u00ae","og_description":"Praticare e raccontare radici, legami, identit\u00e0 di luogo. Indagare varie forme di appartenenza, diversi territori, molteplici provenienze.","og_url":"https:\/\/terrenative.it\/index.php\/ambiti-di-ricerca\/","og_site_name":"Terre native\u00ae","article_modified_time":"2026-03-26T07:55:52+00:00","twitter_card":"summary_large_image","twitter_misc":{"Est. reading time":"6 minutes"},"schema":{"@context":"https:\/\/schema.org","@graph":[{"@type":"WebPage","@id":"https:\/\/terrenative.it\/index.php\/ambiti-di-ricerca\/","url":"https:\/\/terrenative.it\/index.php\/ambiti-di-ricerca\/","name":"Ambiti di ricerca - Terre native\u00ae","isPartOf":{"@id":"https:\/\/terrenative.it\/#website"},"datePublished":"2024-03-03T14:44:51+00:00","dateModified":"2026-03-26T07:55:52+00:00","description":"Praticare e raccontare radici, legami, identit\u00e0 di luogo. Indagare varie forme di appartenenza, diversi territori, molteplici provenienze.","breadcrumb":{"@id":"https:\/\/terrenative.it\/index.php\/ambiti-di-ricerca\/#breadcrumb"},"inLanguage":"en-US","potentialAction":[{"@type":"ReadAction","target":["https:\/\/terrenative.it\/index.php\/ambiti-di-ricerca\/"]}]},{"@type":"BreadcrumbList","@id":"https:\/\/terrenative.it\/index.php\/ambiti-di-ricerca\/#breadcrumb","itemListElement":[{"@type":"ListItem","position":1,"name":"Home","item":"https:\/\/terrenative.it\/"},{"@type":"ListItem","position":2,"name":"Ambiti di ricerca"}]},{"@type":"WebSite","@id":"https:\/\/terrenative.it\/#website","url":"https:\/\/terrenative.it\/","name":"Terre native\u00ae","description":"Associazione culturale","publisher":{"@id":"https:\/\/terrenative.it\/#organization"},"potentialAction":[{"@type":"SearchAction","target":{"@type":"EntryPoint","urlTemplate":"https:\/\/terrenative.it\/?s={search_term_string}"},"query-input":"required name=search_term_string"}],"inLanguage":"en-US"},{"@type":"Organization","@id":"https:\/\/terrenative.it\/#organization","name":"Terre native\u00ae","url":"https:\/\/terrenative.it\/","logo":{"@type":"ImageObject","inLanguage":"en-US","@id":"https:\/\/terrenative.it\/#\/schema\/logo\/image\/","url":"https:\/\/terrenative.it\/wp-content\/uploads\/2025\/02\/cropped-Logo_Terre_Native_bianco_X-1.png","contentUrl":"https:\/\/terrenative.it\/wp-content\/uploads\/2025\/02\/cropped-Logo_Terre_Native_bianco_X-1.png","width":2721,"height":1998,"caption":"Terre native\u00ae"},"image":{"@id":"https:\/\/terrenative.it\/#\/schema\/logo\/image\/"}}]}},"_links":{"self":[{"href":"https:\/\/terrenative.it\/index.php\/wp-json\/wp\/v2\/pages\/75"}],"collection":[{"href":"https:\/\/terrenative.it\/index.php\/wp-json\/wp\/v2\/pages"}],"about":[{"href":"https:\/\/terrenative.it\/index.php\/wp-json\/wp\/v2\/types\/page"}],"author":[{"embeddable":true,"href":"https:\/\/terrenative.it\/index.php\/wp-json\/wp\/v2\/users\/1"}],"replies":[{"embeddable":true,"href":"https:\/\/terrenative.it\/index.php\/wp-json\/wp\/v2\/comments?post=75"}],"version-history":[{"count":32,"href":"https:\/\/terrenative.it\/index.php\/wp-json\/wp\/v2\/pages\/75\/revisions"}],"predecessor-version":[{"id":1180,"href":"https:\/\/terrenative.it\/index.php\/wp-json\/wp\/v2\/pages\/75\/revisions\/1180"}],"wp:attachment":[{"href":"https:\/\/terrenative.it\/index.php\/wp-json\/wp\/v2\/media?parent=75"}],"curies":[{"name":"wp","href":"https:\/\/api.w.org\/{rel}","templated":true}]}}