{"id":20,"date":"2024-02-20T15:01:11","date_gmt":"2024-02-20T14:01:11","guid":{"rendered":"https:\/\/terrenative.it\/?page_id=20"},"modified":"2026-03-26T10:23:21","modified_gmt":"2026-03-26T09:23:21","slug":"nel-territorio","status":"publish","type":"page","link":"https:\/\/terrenative.it\/index.php\/nel-territorio\/","title":{"rendered":"Nel territorio"},"content":{"rendered":"\n<p class=\"has-text-align-center has-text-color has-link-color wp-elements-3dd1c2cb4430e1591afa1f405ee63b4f\" style=\"color:#4a1e11\">Nell&#8217;intento di valorizzare il luogo di residenza dell&#8217;Associazione, Terre Native ETS sostiene e collabora con alcune imprese e realt\u00e0 locali.<\/p>\n\n\n\n<div style=\"height:27px\" aria-hidden=\"true\" class=\"wp-block-spacer\"><\/div>\n\n\n\n<details class=\"wp-block-details has-text-color has-link-color wp-elements-70d9ea67fd53d09bcad2401bf6b0a22f is-layout-flow wp-block-details-is-layout-flow\" style=\"color:#4a1e11;font-style:normal;font-weight:600\"><summary>Silvano Scaruffi e Collettivo Strolgatori<\/summary>\n<p><\/p>\n\n\n\n<p style=\"font-style:normal;font-weight:100\">Di gente sempre vinta e sempre ribelle<\/p>\n\n\n\n<p style=\"font-style:normal;font-weight:100\">Ligonchio<\/p>\n\n\n\n<p style=\"font-style:normal;font-weight:100\"><strong><a href=\"https:\/\/www.silvanoscaruffi.it\/\" target=\"_blank\" rel=\"noreferrer noopener\">Silvano Scaruffi<\/a><\/strong>, scrittore e \u201cstrolgatore di bagai\u00e0te\u201d. Vive a Ligonchio e fa il Guardiadiga. Abita in fondo al paese, alla Rocca, scendendo dalla rampata del Bocco verso la Valla. Ci si arriva anche dall\u2019altra strada che passa dal Bastione e finisce in Corea. Scrive delle cose, lunghe ma anche corte, e delle volte lo chiamano a leggerle in giro le cose che scrive, ma non ci va mica sempre.<\/p>\n\n\n\n<p style=\"font-style:normal;font-weight:100\"><strong><a href=\"https:\/\/www.youtube.com\/@strolgatorichannel\" target=\"_blank\" rel=\"noreferrer noopener\">Collettivo Strolgatori<\/a><\/strong> \u00e8 un branco di scappati di casa, che leggono cose da scappati di casa e suonano musiche da scappati di casa. Gente che gira e guarda, passa le giornate sedute su marciapiedi a mille mila chilomeri da casa e si scorda di visitare i musei, le mostre d\u2019arte, le cattedrali, l\u00ec con dei foglietti o calepini a scribacchiare delle sagattate. Un manipolo di persone che mette nero su bianco delle cose, altri che le aggiustano e danno a quelle cose un senso grafico, altri ancora le musicano. Poi, gli Strolgatori, strolgano delle serate, magari su un palco, e leggono le cose. Sarebbero anche l\u00ec l\u00ec per scrivere un manifesto d\u2019intenti ma tribolano a decidersi.<br>Una volta, sar\u00e0 stato il duemila e qualcosa, il Collettivo Strolgatori si \u00e8 riunito in un prato e si son fatti scattare una foto con anche una bandiera del Mutuo Soccorso, che non c\u2019entra niente, ma la bandiera del Collettivo Strolgatori non ce l\u2019avevano. La foto, in virato seppiato demod\u00e9, \u00e8 l\u2019unica immagine della quale si abbia notizia che li ritrae tutti, a parte Billo\u2026<\/p>\n\n\n\n<p><strong><a href=\"https:\/\/www.silvanoscaruffi.it\/\" target=\"_blank\" rel=\"noreferrer noopener\">Silvano Scaruffi<\/a><\/strong><\/p>\n\n\n\n<p><a href=\"https:\/\/www.facebook.com\/silvano.scaruffi\/?locale=it_IT\" target=\"_blank\" rel=\"noreferrer noopener\"><strong>Silvano Scaruffi \u2013 Fan Page<\/strong><\/a><\/p>\n\n\n\n<p><strong><a href=\"https:\/\/www.youtube.com\/@strolgatorichannel\" target=\"_blank\" rel=\"noreferrer noopener\">Strolgatori Channel<\/a><\/strong><\/p>\n\n\n\n<div class=\"alignnormal\"><div id=\"metaslider-id-1288\" style=\"width: 100%; margin: 0 auto;\" class=\"ml-slider-3-106-0 metaslider metaslider-flex metaslider-1288 ml-slider has-dots-nav has-carousel-mode ms-theme-default-base\" role=\"region\" aria-label=\"New Slideshow\" data-height=\"300\" data-width=\"400\">\n    <div id=\"metaslider_container_1288\">\n        <div id=\"metaslider_1288\">\n            <ul aria-live='off' class='slides'>\n                <li style=\"display: none; width: 100%;\" class=\"slide-1289 ms-image \" aria-roledescription=\"slide\" data-date=\"2026-03-26 10:16:59\" data-filename=\"4-400x300.jpg\" data-slide-type=\"image\"><img loading=\"lazy\" decoding=\"async\" src=\"https:\/\/terrenative.it\/wp-content\/uploads\/2025\/01\/4-400x300.jpg\" height=\"300\" width=\"400\" alt=\"\" class=\"slider-1288 slide-1289 msDefaultImage\" title=\"4\" \/><\/li>\n                <li style=\"display: none; width: 100%;\" class=\"slide-1290 ms-image \" aria-roledescription=\"slide\" data-date=\"2026-03-26 10:17:08\" data-filename=\"2-400x300.jpg\" data-slide-type=\"image\"><img loading=\"lazy\" decoding=\"async\" src=\"https:\/\/terrenative.it\/wp-content\/uploads\/2025\/01\/2-400x300.jpg\" height=\"300\" width=\"400\" alt=\"\" class=\"slider-1288 slide-1290 msDefaultImage\" title=\"2\" \/><\/li>\n                <li style=\"display: none; width: 100%;\" class=\"slide-1292 ms-image \" aria-roledescription=\"slide\" data-date=\"2026-03-26 10:17:21\" data-filename=\"libri-sito-antenne-1-400x300.jpg\" data-slide-type=\"image\"><img loading=\"lazy\" decoding=\"async\" src=\"https:\/\/terrenative.it\/wp-content\/uploads\/2025\/01\/libri-sito-antenne-1-400x300.jpg\" height=\"300\" width=\"400\" alt=\"\" class=\"slider-1288 slide-1292 msDefaultImage\" title=\"libri-sito-antenne\" \/><\/li>\n                <li style=\"display: none; width: 100%;\" class=\"slide-1293 ms-image \" aria-roledescription=\"slide\" data-date=\"2026-03-26 10:17:30\" data-filename=\"collettivo-strolgatori-gente-sempre-vinta-sempre-ribelle-400x300.jpg\" data-slide-type=\"image\"><img loading=\"lazy\" decoding=\"async\" src=\"https:\/\/terrenative.it\/wp-content\/uploads\/2025\/01\/collettivo-strolgatori-gente-sempre-vinta-sempre-ribelle-400x300.jpg\" height=\"300\" width=\"400\" alt=\"\" class=\"slider-1288 slide-1293 msDefaultImage\" title=\"collettivo-strolgatori-gente-sempre-vinta-sempre-ribelle\" \/><\/li>\n                <li style=\"display: none; width: 100%;\" class=\"slide-1294 ms-image \" aria-roledescription=\"slide\" data-date=\"2026-03-26 10:17:35\" data-filename=\"silvano-scaruffi-romanzo-le-pecore-si-contano-a-maggio-400x300.jpg\" data-slide-type=\"image\"><img loading=\"lazy\" decoding=\"async\" src=\"https:\/\/terrenative.it\/wp-content\/uploads\/2025\/01\/silvano-scaruffi-romanzo-le-pecore-si-contano-a-maggio-400x300.jpg\" height=\"300\" width=\"400\" alt=\"\" class=\"slider-1288 slide-1294 msDefaultImage\" title=\"silvano-scaruffi-romanzo-le-pecore-si-contano-a-maggio\" \/><\/li>\n                <li style=\"display: none; width: 100%;\" class=\"slide-1295 ms-image \" aria-roledescription=\"slide\" data-date=\"2026-03-26 10:17:39\" data-filename=\"silvano-scaruffi-l-incantatrice-di-vermi-400x300.jpg\" data-slide-type=\"image\"><img loading=\"lazy\" decoding=\"async\" src=\"https:\/\/terrenative.it\/wp-content\/uploads\/2025\/01\/silvano-scaruffi-l-incantatrice-di-vermi-400x300.jpg\" height=\"300\" width=\"400\" alt=\"\" class=\"slider-1288 slide-1295 msDefaultImage\" title=\"silvano-scaruffi-l-incantatrice-di-vermi\" \/><\/li>\n            <\/ul>\n        <\/div>\n        \n    <\/div>\n<\/div><\/div>\n<\/details>\n\n\n\n<div style=\"height:8px\" aria-hidden=\"true\" class=\"wp-block-spacer\"><\/div>\n\n\n\n<details class=\"wp-block-details has-text-color has-link-color wp-elements-0c90d331cc64e6d285e707fca110b85b is-layout-flow wp-block-details-is-layout-flow\" style=\"color:#4a1e11;font-style:normal;font-weight:600\"><summary>Rizosfera &#8211; Associazione culturale<\/summary>\n<p style=\"font-style:normal;font-weight:100\"><br>Reggio Emilia<\/p>\n\n\n\n<p style=\"font-style:normal;font-weight:100\">Rizosfera&nbsp;\u00e8 un\u2019associazione culturale e casa editrice indipendente che abita uno spazio inusuale tra filosofia, arte e politica. Pubblica principalmente su piattaforme digitali con licenza Creative Commons.<\/p>\n\n\n\n<p style=\"font-style:normal;font-weight:100\">Le sue tre collane editoriali sono <em>I forti dell\u2019avvenire<\/em>,&nbsp;<em>Rizonomia<\/em>&nbsp;e&nbsp;<em>OCFP<\/em>,&nbsp;mentre in ambito sonoro produce ibridi sorprendenti tra forma-libro e forma-disco, che definisce USO \u2013&nbsp;<em>Unidentified Sonic Objects<\/em>&nbsp;\/ oggetti sonori non identificati \u2013 tramite due collane dedicate,&nbsp;<em>NUKFM<\/em>&nbsp;curata dal collettivo Obsolete Capitalism e&nbsp;<em>ARMComm Europe<\/em>&nbsp;curata con Adi Newton (Clock DVA e TAGC\/The Anti Group).<\/p>\n\n\n\n<p style=\"font-style:normal;font-weight:100\">Le propulsioni rizosferiche si possono seguire online sul sito<strong> <a href=\"https:\/\/rizosfera.org\/\" target=\"_blank\" rel=\"noreferrer noopener\">Rizosfera.org<\/a><\/strong>&nbsp;mentre le accelerazioni rizosoniche si possono ascoltare sulla piattaforma indipendente&nbsp;<a href=\"https:\/\/rizo.stream\/\" target=\"_blank\" rel=\"noreferrer noopener\"><strong>RizoStream<\/strong><\/a>.<\/p>\n\n\n<div class=\"wp-block-image\">\n<figure class=\"aligncenter\"><a href=\"https:\/\/rizosfera.org\/\" target=\"_blank\" rel=\"noreferrer noopener\"><img loading=\"lazy\" decoding=\"async\" width=\"663\" height=\"153\" src=\"https:\/\/terrenative.it\/wp-content\/uploads\/2025\/01\/WhatsApp-Image-2025-01-28-at-15.48.49.jpeg\" alt=\"\" class=\"wp-image-692\" srcset=\"https:\/\/terrenative.it\/wp-content\/uploads\/2025\/01\/WhatsApp-Image-2025-01-28-at-15.48.49.jpeg 663w, https:\/\/terrenative.it\/wp-content\/uploads\/2025\/01\/WhatsApp-Image-2025-01-28-at-15.48.49-300x69.jpeg 300w\" sizes=\"(max-width: 663px) 100vw, 663px\" \/><\/a><\/figure><\/div><\/details>\n\n\n\n<div style=\"height:8px\" aria-hidden=\"true\" class=\"wp-block-spacer\"><\/div>\n\n\n\n<details class=\"wp-block-details has-text-color has-link-color wp-elements-7a28841653916ec9f3744ce0cf88377f is-layout-flow wp-block-details-is-layout-flow\" style=\"color:#4a1e11;font-style:normal;font-weight:600\"><summary>Le Cornelle &#8211; Azienda Agricola<\/summary>\n<p><\/p>\n\n\n\n<p style=\"font-style:normal;font-weight:100\">Car\u00f9 \u2013 Villa Minozzo<\/p>\n\n\n\n<p style=\"font-style:normal;font-weight:100\">Azienda Agricola Le Cornelle \u00e8 un allevamento tradizionale a gestione familiare di Cornella&nbsp;Bianca, una razza ovina autoctona a forte rischio di estinzione. Gli animali, condotti quotidianamente al pascolo, producono latte di elevata qualit\u00e0 che viene trasformato in formaggi&nbsp;nel minicaseificio aziendale. L\u2019azienda si articola su boschi e pascoli situati nelle immediate circostanze della frazione di Car\u00f9 in comune di Villa Minozzo: il gregge esce al pascolo ogni giorno dell\u2019anno, l\u2019alimentazione del bestiame ne segue la stagionalit\u00e0 e condiziona direttamente il sapore dei formaggi. Tutti gli aspetti dell\u2019azienda si adattano ai ritmi e agli orari dettati dalla natura, col benessere del bestiame come priorit\u00e0 assoluta.<\/p>\n\n\n\n<p><a href=\"https:\/\/www.facebook.com\/aziendaagricolalecornelle\/?locale=it_IT\" target=\"_blank\" rel=\"noreferrer noopener\"><strong>Azienda Agricola Le Cornelle<\/strong><\/a><\/p>\n\n\n\n<p><a href=\"https:\/\/storiedigiovaniimprese.fondazionegarrone.it\/2020\/01\/08\/cornelle_1\/\" target=\"_blank\" rel=\"noreferrer noopener\"><strong>Le Cornelle \u2013 Storie di giovani imprese<\/strong><\/a><\/p>\n\n\n\n<div class=\"alignnormal\"><div id=\"metaslider-id-1298\" style=\"width: 100%; margin: 0 auto;\" class=\"ml-slider-3-106-0 metaslider metaslider-flex metaslider-1298 ml-slider has-dots-nav has-carousel-mode ms-theme-default-base\" role=\"region\" aria-label=\"New Slideshow\" data-height=\"400\" data-width=\"450\">\n    <div id=\"metaslider_container_1298\">\n        <div id=\"metaslider_1298\">\n            <ul aria-live='off' class='slides'>\n                <li style=\"display: none; width: 100%;\" class=\"slide-1299 ms-image \" aria-roledescription=\"slide\" data-date=\"2026-03-26 10:20:09\" data-filename=\"MG_0905-4-scaled-450x400.jpg\" data-slide-type=\"image\"><img loading=\"lazy\" decoding=\"async\" src=\"https:\/\/terrenative.it\/wp-content\/uploads\/2024\/05\/MG_0905-4-scaled-450x400.jpg\" height=\"400\" width=\"450\" alt=\"\" class=\"slider-1298 slide-1299 msDefaultImage\" title=\"_MG_0905\" \/><\/li>\n                <li style=\"display: none; width: 100%;\" class=\"slide-1300 ms-image \" aria-roledescription=\"slide\" data-date=\"2026-03-26 10:20:17\" data-filename=\"WhatsApp-Image-2024-05-26-at-11.30.44-1-3-450x400.jpeg\" data-slide-type=\"image\"><img loading=\"lazy\" decoding=\"async\" src=\"https:\/\/terrenative.it\/wp-content\/uploads\/2024\/05\/WhatsApp-Image-2024-05-26-at-11.30.44-1-3-450x400.jpeg\" height=\"400\" width=\"450\" alt=\"\" class=\"slider-1298 slide-1300 msDefaultImage\" title=\"WhatsApp Image 2024-05-26 at 11.30.44 (1)\" \/><\/li>\n                <li style=\"display: none; width: 100%;\" class=\"slide-1301 ms-image \" aria-roledescription=\"slide\" data-date=\"2026-03-26 10:20:22\" data-filename=\"Untitled-design93-2-450x400.png\" data-slide-type=\"image\"><img loading=\"lazy\" decoding=\"async\" src=\"https:\/\/terrenative.it\/wp-content\/uploads\/2024\/05\/Untitled-design93-2-450x400.png\" height=\"400\" width=\"450\" alt=\"\" class=\"slider-1298 slide-1301 msDefaultImage\" title=\"Untitled design(93)\" \/><\/li>\n                <li style=\"display: none; width: 100%;\" class=\"slide-1302 ms-image \" aria-roledescription=\"slide\" data-date=\"2026-03-26 10:20:30\" data-filename=\"13393421_10208602141958343_1340530803_n-1-450x400.png\" data-slide-type=\"image\"><img loading=\"lazy\" decoding=\"async\" src=\"https:\/\/terrenative.it\/wp-content\/uploads\/2024\/05\/13393421_10208602141958343_1340530803_n-1-450x400.png\" height=\"400\" width=\"450\" alt=\"\" class=\"slider-1298 slide-1302 msDefaultImage\" title=\"13393421_10208602141958343_1340530803_n\" \/><\/li>\n                <li style=\"display: none; width: 100%;\" class=\"slide-1303 ms-image \" aria-roledescription=\"slide\" data-date=\"2026-03-26 10:20:42\" data-filename=\"Untitled-design23-2-450x400.png\" data-slide-type=\"image\"><img loading=\"lazy\" decoding=\"async\" src=\"https:\/\/terrenative.it\/wp-content\/uploads\/2024\/05\/Untitled-design23-2-450x400.png\" height=\"400\" width=\"450\" alt=\"\" class=\"slider-1298 slide-1303 msDefaultImage\" title=\"Untitled design(23)\" \/><\/li>\n            <\/ul>\n        <\/div>\n        \n    <\/div>\n<\/div><\/div>\n<\/details>\n\n\n\n<div style=\"height:8px\" aria-hidden=\"true\" class=\"wp-block-spacer\"><\/div>\n\n\n\n<details class=\"wp-block-details has-text-color has-link-color wp-elements-7b4ba6c92c75bc9a3b445b6eaebb3f3f is-layout-flow wp-block-details-is-layout-flow\" style=\"color:#4a1e11;font-style:normal;font-weight:600\"><summary>La Canonica &#8211; Appartamenti per uso turistico<\/summary>\n<p style=\"font-style:normal;font-weight:100\"><br>Onfiano \u2013 Carpineti<\/p>\n\n\n\n<p style=\"font-style:normal;font-weight:100\">La Canonica \u00e8 situata nel centro del borgo di Onfiano in comune di Carpineti, accanto all\u2019antica chiesa dei SS. Vito e Modesto e si affaccia su una valletta soleggiata nei pressi del torrente Tresinaro. La struttura, composta da due appartamenti recentemente ristrutturati, offre ospitalit\u00e0 a turisti ed escursionisti in un\u2019antica canonica in pietra ed \u00e8 il luogo ideale per trascorrere una vacanza immersa nella tranquillit\u00e0 e nella quiete del contesto montano. La casa \u00e8 situata a brevissima distanza dal Sentiero Spallanzani, escursione a otto tappe che collega Reggio Emilia a San Pellegrino in Alpe.<\/p>\n\n\n\n<p><a href=\"https:\/\/lacanonicaonfiano.com\/\" target=\"_blank\" rel=\"noreferrer noopener\"><strong>La Canonica<\/strong><\/a><\/p>\n\n\n<div class=\"wp-block-image is-style-rounded\">\n<figure class=\"aligncenter size-medium\"><img loading=\"lazy\" decoding=\"async\" width=\"300\" height=\"300\" src=\"https:\/\/terrenative.it\/wp-content\/uploads\/2025\/01\/Logo-airbnb-300x300.png\" alt=\"\" class=\"wp-image-718\" srcset=\"https:\/\/terrenative.it\/wp-content\/uploads\/2025\/01\/Logo-airbnb-300x300.png 300w, https:\/\/terrenative.it\/wp-content\/uploads\/2025\/01\/Logo-airbnb-150x150.png 150w, https:\/\/terrenative.it\/wp-content\/uploads\/2025\/01\/Logo-airbnb-100x100.png 100w, https:\/\/terrenative.it\/wp-content\/uploads\/2025\/01\/Logo-airbnb.png 500w\" sizes=\"(max-width: 300px) 100vw, 300px\" \/><\/figure><\/div><\/details>\n","protected":false},"excerpt":{"rendered":"<p>Nell&#8217;intento di valorizzare il luogo di residenza dell&#8217;Associazione, Terre Native ETS sostiene e collabora con alcune imprese e realt\u00e0 locali.<\/p>\n","protected":false},"author":1,"featured_media":0,"parent":0,"menu_order":0,"comment_status":"closed","ping_status":"closed","template":"","meta":{"_themeisle_gutenberg_block_has_review":false,"footnotes":""},"yoast_head":"<!-- This site is optimized with the Yoast SEO plugin v22.8 - https:\/\/yoast.com\/wordpress\/plugins\/seo\/ -->\n<title>Nel territorio - Terre native\u00ae<\/title>\n<meta name=\"description\" content=\"Praticare e raccontare radici, legami, identit\u00e0 di luogo. Indagare varie forme di appartenenza, diversi territori, molteplici provenienze.\" \/>\n<meta name=\"robots\" content=\"index, follow, max-snippet:-1, max-image-preview:large, max-video-preview:-1\" \/>\n<link rel=\"canonical\" href=\"https:\/\/terrenative.it\/index.php\/nel-territorio\/\" \/>\n<meta property=\"og:locale\" content=\"en_US\" \/>\n<meta property=\"og:type\" content=\"article\" \/>\n<meta property=\"og:title\" content=\"Nel territorio - Terre native\u00ae\" \/>\n<meta property=\"og:description\" content=\"Praticare e raccontare radici, legami, identit\u00e0 di luogo. Indagare varie forme di appartenenza, diversi territori, molteplici provenienze.\" \/>\n<meta property=\"og:url\" content=\"https:\/\/terrenative.it\/index.php\/nel-territorio\/\" \/>\n<meta property=\"og:site_name\" content=\"Terre native\u00ae\" \/>\n<meta property=\"article:modified_time\" content=\"2026-03-26T09:23:21+00:00\" \/>\n<meta property=\"og:image\" content=\"https:\/\/terrenative.it\/wp-content\/uploads\/2025\/01\/WhatsApp-Image-2025-01-28-at-15.48.49.jpeg\" \/>\n<meta name=\"twitter:card\" content=\"summary_large_image\" \/>\n<meta name=\"twitter:label1\" content=\"Est. reading time\" \/>\n\t<meta name=\"twitter:data1\" content=\"4 minutes\" \/>\n<script type=\"application\/ld+json\" class=\"yoast-schema-graph\">{\"@context\":\"https:\/\/schema.org\",\"@graph\":[{\"@type\":\"WebPage\",\"@id\":\"https:\/\/terrenative.it\/index.php\/nel-territorio\/\",\"url\":\"https:\/\/terrenative.it\/index.php\/nel-territorio\/\",\"name\":\"Nel territorio - Terre native\u00ae\",\"isPartOf\":{\"@id\":\"https:\/\/terrenative.it\/#website\"},\"primaryImageOfPage\":{\"@id\":\"https:\/\/terrenative.it\/index.php\/nel-territorio\/#primaryimage\"},\"image\":{\"@id\":\"https:\/\/terrenative.it\/index.php\/nel-territorio\/#primaryimage\"},\"thumbnailUrl\":\"https:\/\/terrenative.it\/wp-content\/uploads\/2025\/01\/WhatsApp-Image-2025-01-28-at-15.48.49.jpeg\",\"datePublished\":\"2024-02-20T14:01:11+00:00\",\"dateModified\":\"2026-03-26T09:23:21+00:00\",\"description\":\"Praticare e raccontare radici, legami, identit\u00e0 di luogo. Indagare varie forme di appartenenza, diversi territori, molteplici provenienze.\",\"breadcrumb\":{\"@id\":\"https:\/\/terrenative.it\/index.php\/nel-territorio\/#breadcrumb\"},\"inLanguage\":\"en-US\",\"potentialAction\":[{\"@type\":\"ReadAction\",\"target\":[\"https:\/\/terrenative.it\/index.php\/nel-territorio\/\"]}]},{\"@type\":\"ImageObject\",\"inLanguage\":\"en-US\",\"@id\":\"https:\/\/terrenative.it\/index.php\/nel-territorio\/#primaryimage\",\"url\":\"https:\/\/terrenative.it\/wp-content\/uploads\/2025\/01\/WhatsApp-Image-2025-01-28-at-15.48.49.jpeg\",\"contentUrl\":\"https:\/\/terrenative.it\/wp-content\/uploads\/2025\/01\/WhatsApp-Image-2025-01-28-at-15.48.49.jpeg\",\"width\":663,\"height\":153},{\"@type\":\"BreadcrumbList\",\"@id\":\"https:\/\/terrenative.it\/index.php\/nel-territorio\/#breadcrumb\",\"itemListElement\":[{\"@type\":\"ListItem\",\"position\":1,\"name\":\"Home\",\"item\":\"https:\/\/terrenative.it\/\"},{\"@type\":\"ListItem\",\"position\":2,\"name\":\"Nel territorio\"}]},{\"@type\":\"WebSite\",\"@id\":\"https:\/\/terrenative.it\/#website\",\"url\":\"https:\/\/terrenative.it\/\",\"name\":\"Terre native\u00ae\",\"description\":\"Associazione culturale\",\"publisher\":{\"@id\":\"https:\/\/terrenative.it\/#organization\"},\"potentialAction\":[{\"@type\":\"SearchAction\",\"target\":{\"@type\":\"EntryPoint\",\"urlTemplate\":\"https:\/\/terrenative.it\/?s={search_term_string}\"},\"query-input\":\"required name=search_term_string\"}],\"inLanguage\":\"en-US\"},{\"@type\":\"Organization\",\"@id\":\"https:\/\/terrenative.it\/#organization\",\"name\":\"Terre native\u00ae\",\"url\":\"https:\/\/terrenative.it\/\",\"logo\":{\"@type\":\"ImageObject\",\"inLanguage\":\"en-US\",\"@id\":\"https:\/\/terrenative.it\/#\/schema\/logo\/image\/\",\"url\":\"https:\/\/terrenative.it\/wp-content\/uploads\/2025\/02\/cropped-Logo_Terre_Native_bianco_X-1.png\",\"contentUrl\":\"https:\/\/terrenative.it\/wp-content\/uploads\/2025\/02\/cropped-Logo_Terre_Native_bianco_X-1.png\",\"width\":2721,\"height\":1998,\"caption\":\"Terre native\u00ae\"},\"image\":{\"@id\":\"https:\/\/terrenative.it\/#\/schema\/logo\/image\/\"}}]}<\/script>\n<!-- \/ Yoast SEO plugin. -->","yoast_head_json":{"title":"Nel territorio - Terre native\u00ae","description":"Praticare e raccontare radici, legami, identit\u00e0 di luogo. Indagare varie forme di appartenenza, diversi territori, molteplici provenienze.","robots":{"index":"index","follow":"follow","max-snippet":"max-snippet:-1","max-image-preview":"max-image-preview:large","max-video-preview":"max-video-preview:-1"},"canonical":"https:\/\/terrenative.it\/index.php\/nel-territorio\/","og_locale":"en_US","og_type":"article","og_title":"Nel territorio - Terre native\u00ae","og_description":"Praticare e raccontare radici, legami, identit\u00e0 di luogo. Indagare varie forme di appartenenza, diversi territori, molteplici provenienze.","og_url":"https:\/\/terrenative.it\/index.php\/nel-territorio\/","og_site_name":"Terre native\u00ae","article_modified_time":"2026-03-26T09:23:21+00:00","og_image":[{"url":"https:\/\/terrenative.it\/wp-content\/uploads\/2025\/01\/WhatsApp-Image-2025-01-28-at-15.48.49.jpeg"}],"twitter_card":"summary_large_image","twitter_misc":{"Est. reading time":"4 minutes"},"schema":{"@context":"https:\/\/schema.org","@graph":[{"@type":"WebPage","@id":"https:\/\/terrenative.it\/index.php\/nel-territorio\/","url":"https:\/\/terrenative.it\/index.php\/nel-territorio\/","name":"Nel territorio - Terre native\u00ae","isPartOf":{"@id":"https:\/\/terrenative.it\/#website"},"primaryImageOfPage":{"@id":"https:\/\/terrenative.it\/index.php\/nel-territorio\/#primaryimage"},"image":{"@id":"https:\/\/terrenative.it\/index.php\/nel-territorio\/#primaryimage"},"thumbnailUrl":"https:\/\/terrenative.it\/wp-content\/uploads\/2025\/01\/WhatsApp-Image-2025-01-28-at-15.48.49.jpeg","datePublished":"2024-02-20T14:01:11+00:00","dateModified":"2026-03-26T09:23:21+00:00","description":"Praticare e raccontare radici, legami, identit\u00e0 di luogo. Indagare varie forme di appartenenza, diversi territori, molteplici provenienze.","breadcrumb":{"@id":"https:\/\/terrenative.it\/index.php\/nel-territorio\/#breadcrumb"},"inLanguage":"en-US","potentialAction":[{"@type":"ReadAction","target":["https:\/\/terrenative.it\/index.php\/nel-territorio\/"]}]},{"@type":"ImageObject","inLanguage":"en-US","@id":"https:\/\/terrenative.it\/index.php\/nel-territorio\/#primaryimage","url":"https:\/\/terrenative.it\/wp-content\/uploads\/2025\/01\/WhatsApp-Image-2025-01-28-at-15.48.49.jpeg","contentUrl":"https:\/\/terrenative.it\/wp-content\/uploads\/2025\/01\/WhatsApp-Image-2025-01-28-at-15.48.49.jpeg","width":663,"height":153},{"@type":"BreadcrumbList","@id":"https:\/\/terrenative.it\/index.php\/nel-territorio\/#breadcrumb","itemListElement":[{"@type":"ListItem","position":1,"name":"Home","item":"https:\/\/terrenative.it\/"},{"@type":"ListItem","position":2,"name":"Nel territorio"}]},{"@type":"WebSite","@id":"https:\/\/terrenative.it\/#website","url":"https:\/\/terrenative.it\/","name":"Terre native\u00ae","description":"Associazione culturale","publisher":{"@id":"https:\/\/terrenative.it\/#organization"},"potentialAction":[{"@type":"SearchAction","target":{"@type":"EntryPoint","urlTemplate":"https:\/\/terrenative.it\/?s={search_term_string}"},"query-input":"required name=search_term_string"}],"inLanguage":"en-US"},{"@type":"Organization","@id":"https:\/\/terrenative.it\/#organization","name":"Terre native\u00ae","url":"https:\/\/terrenative.it\/","logo":{"@type":"ImageObject","inLanguage":"en-US","@id":"https:\/\/terrenative.it\/#\/schema\/logo\/image\/","url":"https:\/\/terrenative.it\/wp-content\/uploads\/2025\/02\/cropped-Logo_Terre_Native_bianco_X-1.png","contentUrl":"https:\/\/terrenative.it\/wp-content\/uploads\/2025\/02\/cropped-Logo_Terre_Native_bianco_X-1.png","width":2721,"height":1998,"caption":"Terre native\u00ae"},"image":{"@id":"https:\/\/terrenative.it\/#\/schema\/logo\/image\/"}}]}},"_links":{"self":[{"href":"https:\/\/terrenative.it\/index.php\/wp-json\/wp\/v2\/pages\/20"}],"collection":[{"href":"https:\/\/terrenative.it\/index.php\/wp-json\/wp\/v2\/pages"}],"about":[{"href":"https:\/\/terrenative.it\/index.php\/wp-json\/wp\/v2\/types\/page"}],"author":[{"embeddable":true,"href":"https:\/\/terrenative.it\/index.php\/wp-json\/wp\/v2\/users\/1"}],"replies":[{"embeddable":true,"href":"https:\/\/terrenative.it\/index.php\/wp-json\/wp\/v2\/comments?post=20"}],"version-history":[{"count":98,"href":"https:\/\/terrenative.it\/index.php\/wp-json\/wp\/v2\/pages\/20\/revisions"}],"predecessor-version":[{"id":1304,"href":"https:\/\/terrenative.it\/index.php\/wp-json\/wp\/v2\/pages\/20\/revisions\/1304"}],"wp:attachment":[{"href":"https:\/\/terrenative.it\/index.php\/wp-json\/wp\/v2\/media?parent=20"}],"curies":[{"name":"wp","href":"https:\/\/api.w.org\/{rel}","templated":true}]}}