{"id":107,"date":"2024-03-03T18:58:15","date_gmt":"2024-03-03T17:58:15","guid":{"rendered":"https:\/\/terrenative.it\/?page_id=107"},"modified":"2026-03-26T09:13:34","modified_gmt":"2026-03-26T08:13:34","slug":"archivi-e-collezioni","status":"publish","type":"page","link":"https:\/\/terrenative.it\/index.php\/archivi-e-collezioni\/","title":{"rendered":"Archivi e collezioni"},"content":{"rendered":"\n<p class=\"has-text-align-center has-text-color has-link-color wp-elements-60138bbd1b2926ee465289d17a10b56a\" style=\"color:#4a1e11\">L&#8217;Associazione Terre Native ETS si occupa della catalogazione di manoscritti e dossier di stampe e documenti storici, con l&#8217;intento di valorizzare e recuperare antichi archivi del proprio territorio di appartenenza. Accanto a ci\u00f2, l&#8217;Associazione promuove l&#8217;attivit\u00e0 di alcuni artisti che con la tematica del radicamento si sono confrontati.<\/p>\n\n\n\n<div style=\"height:27px\" aria-hidden=\"true\" class=\"wp-block-spacer\"><\/div>\n\n\n\n<details class=\"wp-block-details has-text-color has-link-color wp-elements-ca38727449ad2fa781e196f862723449 is-layout-flow wp-block-details-is-layout-flow\" style=\"color:#4a1e11;font-style:normal;font-weight:600\"><summary>Africa. L&#8217;urgenza, la bellezza \u2013  Una mostra di Claudio Battaglia<\/summary>\n<p><\/p>\n\n\n\n<p style=\"font-style:normal;font-weight:100\">Sbarcano \u2013 chi pu\u00f2 \u2013 seppellite dai panni, con fagotti tra le braccia, fradicie, illividite, gelate, senza un luogo di ritorno. Un giubbotto galleggiante, un telo termico addosso. Nulla di ci\u00f2 che hanno affrontato si pu\u00f2 leggere negli occhi, da tanto \u00e8 scritto fittamente.<br>Eppure quelle stesse donne \u2013 non appena divenute accettate e residenti, fosse anche in estreme periferie \u2013 tornano a uno splendore originario. Rivestite di capolavori cromatici, fiere nel portamento, nell\u2019esibire forme che quasi sono uno scherno al corpo levigato degli esangui autoctoni, si stagliano nei mercati, sugli autobus, lungo vie cittadine pi\u00f9 abituate a grigiori inarrivabili e tinte smorzate da un mimetismo di convenienza. Da dove vengono non se lo sentiranno chiedere mai, se non per ragioni d\u2019ufficio. Come sono arrivate, neppure. Dove e come vivono ora, nemmeno. E sarebbero sconfitte; cos\u00ec le chiamano, cos\u00ec le vorrebbero: ma a guardarle non si potrebbe dire. Portano l\u2019Africa e i suoi dolori con s\u00e9, il continente da dove ogni creatura umana proviene. E in questo inverno dove chiunque cammina con la testa incassata nelle spalle, il loro chiasso, la loro bellezza sfacciata mostrano il sovrastare della vita sull\u2019abitudine.<\/p>\n\n\n\n<p><strong><a href=\"https:\/\/www.mediciconlafrica.org\/protagonisti\/gruppo-modena-e-reggio-emilia\/\" target=\"_blank\" rel=\"noreferrer noopener\">CUAMM \u2013 Medici con l\u2019Africa<\/a><\/strong><\/p>\n\n\n\n<p><\/p>\n\n\n\n<div class=\"alignnormal\"><div id=\"metaslider-id-1137\" style=\"width: 100%; margin: 0 auto;\" class=\"ml-slider-3-106-0 metaslider metaslider-flex metaslider-1137 ml-slider has-dots-nav has-carousel-mode ms-theme-default-base\" role=\"region\" aria-label=\"New Slideshow\" data-height=\"400\" data-width=\"300\">\n    <div id=\"metaslider_container_1137\">\n        <div id=\"metaslider_1137\">\n            <ul aria-live='off' class='slides'>\n                <li style=\"display: none; width: 100%;\" class=\"slide-1184 ms-image \" aria-roledescription=\"slide\" data-date=\"2026-03-26 08:59:07\" data-filename=\"batta-5-300x400.jpg\" data-slide-type=\"image\"><img loading=\"lazy\" decoding=\"async\" src=\"https:\/\/terrenative.it\/wp-content\/uploads\/2025\/02\/batta-5-300x400.jpg\" height=\"400\" width=\"300\" alt=\"\" class=\"slider-1137 slide-1184 msDefaultImage\" \/><\/li>\n                <li style=\"display: none; width: 100%;\" class=\"slide-1185 ms-image \" aria-roledescription=\"slide\" data-date=\"2026-03-26 08:59:20\" data-filename=\"batta-6-1-300x400.jpg\" data-slide-type=\"image\"><img loading=\"lazy\" decoding=\"async\" src=\"https:\/\/terrenative.it\/wp-content\/uploads\/2025\/02\/batta-6-1-300x400.jpg\" height=\"400\" width=\"300\" alt=\"\" class=\"slider-1137 slide-1185 msDefaultImage\" title=\"batta 6\" \/><\/li>\n                <li style=\"display: none; width: 100%;\" class=\"slide-1186 ms-image \" aria-roledescription=\"slide\" data-date=\"2026-03-26 08:59:26\" data-filename=\"batat-2-300x400.jpg\" data-slide-type=\"image\"><img loading=\"lazy\" decoding=\"async\" src=\"https:\/\/terrenative.it\/wp-content\/uploads\/2025\/02\/batat-2-300x400.jpg\" height=\"400\" width=\"300\" alt=\"\" class=\"slider-1137 slide-1186 msDefaultImage\" \/><\/li>\n                <li style=\"display: none; width: 100%;\" class=\"slide-1187 ms-image \" aria-roledescription=\"slide\" data-date=\"2026-03-26 08:59:37\" data-filename=\"Cartolina_Mostra_Battaglia_page-0001-300x400.jpg\" data-slide-type=\"image\"><img loading=\"lazy\" decoding=\"async\" src=\"https:\/\/terrenative.it\/wp-content\/uploads\/2025\/02\/Cartolina_Mostra_Battaglia_page-0001-300x400.jpg\" height=\"400\" width=\"300\" alt=\"\" class=\"slider-1137 slide-1187 msDefaultImage\" \/><\/li>\n                <li style=\"display: none; width: 100%;\" class=\"slide-1188 ms-image \" aria-roledescription=\"slide\" data-date=\"2026-03-26 08:59:45\" data-filename=\"batta-1-300x400.jpg\" data-slide-type=\"image\"><img loading=\"lazy\" decoding=\"async\" src=\"https:\/\/terrenative.it\/wp-content\/uploads\/2025\/02\/batta-1-300x400.jpg\" height=\"400\" width=\"300\" alt=\"\" class=\"slider-1137 slide-1188 msDefaultImage\" title=\"batta 1\" \/><\/li>\n                <li style=\"display: none; width: 100%;\" class=\"slide-1189 ms-image \" aria-roledescription=\"slide\" data-date=\"2026-03-26 08:59:50\" data-filename=\"Cartolina_Mostra_Battaglia_page-0002-300x400.jpg\" data-slide-type=\"image\"><img loading=\"lazy\" decoding=\"async\" src=\"https:\/\/terrenative.it\/wp-content\/uploads\/2025\/02\/Cartolina_Mostra_Battaglia_page-0002-300x400.jpg\" height=\"400\" width=\"300\" alt=\"\" class=\"slider-1137 slide-1189 msDefaultImage\" title=\"Cartolina_Mostra_Battaglia_page-0002\" \/><\/li>\n            <\/ul>\n        <\/div>\n        \n    <\/div>\n<\/div><\/div>\n<\/details>\n\n\n\n<div style=\"height:8px\" aria-hidden=\"true\" class=\"wp-block-spacer\"><\/div>\n\n\n\n<details class=\"wp-block-details has-text-color has-link-color wp-elements-6c4da301a7672dfea6872af61ce908f4 is-layout-flow wp-block-details-is-layout-flow\" style=\"color:#4a1e11;font-style:normal;font-weight:600\"><summary>Archivio storico parrocchiale di Onfiano<\/summary>\n<p style=\"font-style:normal;font-weight:100\"><br>L\u2019Associazione ha avviato un\u2019opera di recupero e catalogazione dell\u2019archivio storico parrocchiale di Onfiano, paese sede di Terre Native. L\u2019archivio, che conta oltre cento volumi, \u00e8 datato da fine Ottocento fino alla met\u00e0 del Novecento e apparteneva al parroco Don Martino Giuliani, che fino al 1993 predicava e risiedeva nel paese, presso la chiesa dei SS. Vito e Modesto.<br><\/p>\n\n\n\n<div class=\"alignnormal\"><div id=\"metaslider-id-1191\" style=\"width: 100%; margin: 0 auto;\" class=\"ml-slider-3-106-0 metaslider metaslider-flex metaslider-1191 ml-slider has-dots-nav has-carousel-mode ms-theme-default-base\" role=\"region\" aria-label=\"New Slideshow\" data-height=\"400\" data-width=\"300\">\n    <div id=\"metaslider_container_1191\">\n        <div id=\"metaslider_1191\">\n            <ul aria-live='off' class='slides'>\n                <li style=\"display: none; width: 100%;\" class=\"slide-1192 ms-image \" aria-roledescription=\"slide\" data-date=\"2026-03-26 09:05:46\" data-filename=\"WhatsApp-Image-2025-02-18-at-18.06.29-300x400.jpeg\" data-slide-type=\"image\"><img loading=\"lazy\" decoding=\"async\" src=\"https:\/\/terrenative.it\/wp-content\/uploads\/2025\/02\/WhatsApp-Image-2025-02-18-at-18.06.29-300x400.jpeg\" height=\"400\" width=\"300\" alt=\"\" class=\"slider-1191 slide-1192 msDefaultImage\" title=\"WhatsApp Image 2025-02-18 at 18.06.29\" \/><\/li>\n                <li style=\"display: none; width: 100%;\" class=\"slide-1194 ms-image \" aria-roledescription=\"slide\" data-date=\"2026-03-26 09:06:24\" data-filename=\"WhatsApp-Image-2025-02-18-at-18.05.30-300x400.jpeg\" data-slide-type=\"image\"><img loading=\"lazy\" decoding=\"async\" src=\"https:\/\/terrenative.it\/wp-content\/uploads\/2025\/02\/WhatsApp-Image-2025-02-18-at-18.05.30-300x400.jpeg\" height=\"400\" width=\"300\" alt=\"\" class=\"slider-1191 slide-1194 msDefaultImage\" title=\"WhatsApp Image 2025-02-18 at 18.05.30\" \/><\/li>\n                <li style=\"display: none; width: 100%;\" class=\"slide-1195 ms-image \" aria-roledescription=\"slide\" data-date=\"2026-03-26 09:06:36\" data-filename=\"WhatsApp-Image-2025-02-18-at-18.03.53-300x400.jpeg\" data-slide-type=\"image\"><img loading=\"lazy\" decoding=\"async\" src=\"https:\/\/terrenative.it\/wp-content\/uploads\/2025\/02\/WhatsApp-Image-2025-02-18-at-18.03.53-300x400.jpeg\" height=\"400\" width=\"300\" alt=\"\" class=\"slider-1191 slide-1195 msDefaultImage\" title=\"WhatsApp Image 2025-02-18 at 18.03.53\" \/><\/li>\n                <li style=\"display: none; width: 100%;\" class=\"slide-1196 ms-image \" aria-roledescription=\"slide\" data-date=\"2026-03-26 09:06:42\" data-filename=\"WhatsApp-Image-2025-02-18-at-18.04.51-300x400.jpeg\" data-slide-type=\"image\"><img loading=\"lazy\" decoding=\"async\" src=\"https:\/\/terrenative.it\/wp-content\/uploads\/2025\/02\/WhatsApp-Image-2025-02-18-at-18.04.51-300x400.jpeg\" height=\"400\" width=\"300\" alt=\"\" class=\"slider-1191 slide-1196 msDefaultImage\" title=\"WhatsApp Image 2025-02-18 at 18.04.51\" \/><\/li>\n            <\/ul>\n        <\/div>\n        \n    <\/div>\n<\/div><\/div>\n<\/details>\n\n\n\n<div style=\"height:8px\" aria-hidden=\"true\" class=\"wp-block-spacer\"><\/div>\n","protected":false},"excerpt":{"rendered":"<p>L&#8217;Associazione Terre Native ETS si occupa della catalogazione di manoscritti e dossier di stampe e documenti storici, con l&#8217;intento di valorizzare e recuperare antichi archivi del proprio territorio di appartenenza. Accanto a ci\u00f2, l&#8217;Associazione promuove l&#8217;attivit\u00e0 di alcuni artisti che con la tematica del radicamento si sono confrontati.<\/p>\n","protected":false},"author":1,"featured_media":0,"parent":0,"menu_order":0,"comment_status":"closed","ping_status":"closed","template":"","meta":{"_themeisle_gutenberg_block_has_review":false,"footnotes":""},"yoast_head":"<!-- This site is optimized with the Yoast SEO plugin v22.8 - https:\/\/yoast.com\/wordpress\/plugins\/seo\/ -->\n<title>Archivi e collezioni - Terre native\u00ae<\/title>\n<meta name=\"description\" content=\"Praticare e raccontare radici, legami, identit\u00e0 di luogo. Indagare varie forme di appartenenza, diversi territori, molteplici provenienze.\" \/>\n<meta name=\"robots\" content=\"index, follow, max-snippet:-1, max-image-preview:large, max-video-preview:-1\" \/>\n<link rel=\"canonical\" href=\"https:\/\/terrenative.it\/index.php\/archivi-e-collezioni\/\" \/>\n<meta property=\"og:locale\" content=\"en_US\" \/>\n<meta property=\"og:type\" content=\"article\" \/>\n<meta property=\"og:title\" content=\"Archivi e collezioni - Terre native\u00ae\" \/>\n<meta property=\"og:description\" content=\"Praticare e raccontare radici, legami, identit\u00e0 di luogo. Indagare varie forme di appartenenza, diversi territori, molteplici provenienze.\" \/>\n<meta property=\"og:url\" content=\"https:\/\/terrenative.it\/index.php\/archivi-e-collezioni\/\" \/>\n<meta property=\"og:site_name\" content=\"Terre native\u00ae\" \/>\n<meta property=\"article:modified_time\" content=\"2026-03-26T08:13:34+00:00\" \/>\n<meta name=\"twitter:card\" content=\"summary_large_image\" \/>\n<meta name=\"twitter:label1\" content=\"Est. reading time\" \/>\n\t<meta name=\"twitter:data1\" content=\"2 minutes\" \/>\n<script type=\"application\/ld+json\" class=\"yoast-schema-graph\">{\"@context\":\"https:\/\/schema.org\",\"@graph\":[{\"@type\":\"WebPage\",\"@id\":\"https:\/\/terrenative.it\/index.php\/archivi-e-collezioni\/\",\"url\":\"https:\/\/terrenative.it\/index.php\/archivi-e-collezioni\/\",\"name\":\"Archivi e collezioni - Terre native\u00ae\",\"isPartOf\":{\"@id\":\"https:\/\/terrenative.it\/#website\"},\"datePublished\":\"2024-03-03T17:58:15+00:00\",\"dateModified\":\"2026-03-26T08:13:34+00:00\",\"description\":\"Praticare e raccontare radici, legami, identit\u00e0 di luogo. Indagare varie forme di appartenenza, diversi territori, molteplici provenienze.\",\"breadcrumb\":{\"@id\":\"https:\/\/terrenative.it\/index.php\/archivi-e-collezioni\/#breadcrumb\"},\"inLanguage\":\"en-US\",\"potentialAction\":[{\"@type\":\"ReadAction\",\"target\":[\"https:\/\/terrenative.it\/index.php\/archivi-e-collezioni\/\"]}]},{\"@type\":\"BreadcrumbList\",\"@id\":\"https:\/\/terrenative.it\/index.php\/archivi-e-collezioni\/#breadcrumb\",\"itemListElement\":[{\"@type\":\"ListItem\",\"position\":1,\"name\":\"Home\",\"item\":\"https:\/\/terrenative.it\/\"},{\"@type\":\"ListItem\",\"position\":2,\"name\":\"Archivi e collezioni\"}]},{\"@type\":\"WebSite\",\"@id\":\"https:\/\/terrenative.it\/#website\",\"url\":\"https:\/\/terrenative.it\/\",\"name\":\"Terre native\u00ae\",\"description\":\"Associazione culturale\",\"publisher\":{\"@id\":\"https:\/\/terrenative.it\/#organization\"},\"potentialAction\":[{\"@type\":\"SearchAction\",\"target\":{\"@type\":\"EntryPoint\",\"urlTemplate\":\"https:\/\/terrenative.it\/?s={search_term_string}\"},\"query-input\":\"required name=search_term_string\"}],\"inLanguage\":\"en-US\"},{\"@type\":\"Organization\",\"@id\":\"https:\/\/terrenative.it\/#organization\",\"name\":\"Terre native\u00ae\",\"url\":\"https:\/\/terrenative.it\/\",\"logo\":{\"@type\":\"ImageObject\",\"inLanguage\":\"en-US\",\"@id\":\"https:\/\/terrenative.it\/#\/schema\/logo\/image\/\",\"url\":\"https:\/\/terrenative.it\/wp-content\/uploads\/2025\/02\/cropped-Logo_Terre_Native_bianco_X-1.png\",\"contentUrl\":\"https:\/\/terrenative.it\/wp-content\/uploads\/2025\/02\/cropped-Logo_Terre_Native_bianco_X-1.png\",\"width\":2721,\"height\":1998,\"caption\":\"Terre native\u00ae\"},\"image\":{\"@id\":\"https:\/\/terrenative.it\/#\/schema\/logo\/image\/\"}}]}<\/script>\n<!-- \/ Yoast SEO plugin. -->","yoast_head_json":{"title":"Archivi e collezioni - Terre native\u00ae","description":"Praticare e raccontare radici, legami, identit\u00e0 di luogo. Indagare varie forme di appartenenza, diversi territori, molteplici provenienze.","robots":{"index":"index","follow":"follow","max-snippet":"max-snippet:-1","max-image-preview":"max-image-preview:large","max-video-preview":"max-video-preview:-1"},"canonical":"https:\/\/terrenative.it\/index.php\/archivi-e-collezioni\/","og_locale":"en_US","og_type":"article","og_title":"Archivi e collezioni - Terre native\u00ae","og_description":"Praticare e raccontare radici, legami, identit\u00e0 di luogo. Indagare varie forme di appartenenza, diversi territori, molteplici provenienze.","og_url":"https:\/\/terrenative.it\/index.php\/archivi-e-collezioni\/","og_site_name":"Terre native\u00ae","article_modified_time":"2026-03-26T08:13:34+00:00","twitter_card":"summary_large_image","twitter_misc":{"Est. reading time":"2 minutes"},"schema":{"@context":"https:\/\/schema.org","@graph":[{"@type":"WebPage","@id":"https:\/\/terrenative.it\/index.php\/archivi-e-collezioni\/","url":"https:\/\/terrenative.it\/index.php\/archivi-e-collezioni\/","name":"Archivi e collezioni - Terre native\u00ae","isPartOf":{"@id":"https:\/\/terrenative.it\/#website"},"datePublished":"2024-03-03T17:58:15+00:00","dateModified":"2026-03-26T08:13:34+00:00","description":"Praticare e raccontare radici, legami, identit\u00e0 di luogo. Indagare varie forme di appartenenza, diversi territori, molteplici provenienze.","breadcrumb":{"@id":"https:\/\/terrenative.it\/index.php\/archivi-e-collezioni\/#breadcrumb"},"inLanguage":"en-US","potentialAction":[{"@type":"ReadAction","target":["https:\/\/terrenative.it\/index.php\/archivi-e-collezioni\/"]}]},{"@type":"BreadcrumbList","@id":"https:\/\/terrenative.it\/index.php\/archivi-e-collezioni\/#breadcrumb","itemListElement":[{"@type":"ListItem","position":1,"name":"Home","item":"https:\/\/terrenative.it\/"},{"@type":"ListItem","position":2,"name":"Archivi e collezioni"}]},{"@type":"WebSite","@id":"https:\/\/terrenative.it\/#website","url":"https:\/\/terrenative.it\/","name":"Terre native\u00ae","description":"Associazione culturale","publisher":{"@id":"https:\/\/terrenative.it\/#organization"},"potentialAction":[{"@type":"SearchAction","target":{"@type":"EntryPoint","urlTemplate":"https:\/\/terrenative.it\/?s={search_term_string}"},"query-input":"required name=search_term_string"}],"inLanguage":"en-US"},{"@type":"Organization","@id":"https:\/\/terrenative.it\/#organization","name":"Terre native\u00ae","url":"https:\/\/terrenative.it\/","logo":{"@type":"ImageObject","inLanguage":"en-US","@id":"https:\/\/terrenative.it\/#\/schema\/logo\/image\/","url":"https:\/\/terrenative.it\/wp-content\/uploads\/2025\/02\/cropped-Logo_Terre_Native_bianco_X-1.png","contentUrl":"https:\/\/terrenative.it\/wp-content\/uploads\/2025\/02\/cropped-Logo_Terre_Native_bianco_X-1.png","width":2721,"height":1998,"caption":"Terre native\u00ae"},"image":{"@id":"https:\/\/terrenative.it\/#\/schema\/logo\/image\/"}}]}},"_links":{"self":[{"href":"https:\/\/terrenative.it\/index.php\/wp-json\/wp\/v2\/pages\/107"}],"collection":[{"href":"https:\/\/terrenative.it\/index.php\/wp-json\/wp\/v2\/pages"}],"about":[{"href":"https:\/\/terrenative.it\/index.php\/wp-json\/wp\/v2\/types\/page"}],"author":[{"embeddable":true,"href":"https:\/\/terrenative.it\/index.php\/wp-json\/wp\/v2\/users\/1"}],"replies":[{"embeddable":true,"href":"https:\/\/terrenative.it\/index.php\/wp-json\/wp\/v2\/comments?post=107"}],"version-history":[{"count":45,"href":"https:\/\/terrenative.it\/index.php\/wp-json\/wp\/v2\/pages\/107\/revisions"}],"predecessor-version":[{"id":1198,"href":"https:\/\/terrenative.it\/index.php\/wp-json\/wp\/v2\/pages\/107\/revisions\/1198"}],"wp:attachment":[{"href":"https:\/\/terrenative.it\/index.php\/wp-json\/wp\/v2\/media?parent=107"}],"curies":[{"name":"wp","href":"https:\/\/api.w.org\/{rel}","templated":true}]}}