{"id":105,"date":"2024-03-03T18:58:15","date_gmt":"2024-03-03T17:58:15","guid":{"rendered":"https:\/\/terrenative.it\/?page_id=105"},"modified":"2026-03-26T09:37:02","modified_gmt":"2026-03-26T08:37:02","slug":"eventi","status":"publish","type":"page","link":"https:\/\/terrenative.it\/index.php\/eventi\/","title":{"rendered":"Eventi"},"content":{"rendered":"\n<details class=\"wp-block-details has-text-color has-link-color wp-elements-bae287ebf6fbaf66ccb456df714c72ab is-layout-flow wp-block-details-is-layout-flow\" style=\"color:#4a1e11;font-style:normal;font-weight:600\"><summary>La vita selvatica. Un festival naturalistico e culturale &#8211; 20\/21 settembre 2025<\/summary>\n<p><\/p>\n\n\n\n<p style=\"font-style:normal;font-weight:300\">Il progressivo spopolamento umano dell\u2019Appennino ha creato le condizioni ideali per un nuovo espandersi di presenze naturali che spesso restano invisibili all\u2019occhio umano. Gatti selvatici, sciacalli dorati, aquile e lupi attraversano quotidianamente un territorio che negli anni sta perdendo i caratteri antropici, diventando selvatico. I boschi si espandono, la natura recupera i suoi spazi e la vicinanza tra vita umana e vita selvatica ha forme di convivenza sempre pi\u00f9 inaspettate.<br>Allargando lo sguardo oltre l\u2019Appennino, l\u2019intera penisola e il mare Mediterraneo sono oggetto di un mutamento epocale: spostamenti, migrazioni, nuovi arrivi e lente scomparse stanno alterando il volto dei territori, modificandone i caratteri e il paesaggio. Le coltivazioni si modificano con l\u2019arrivo della cimice asiatica, i pescatori del Mediterraneo subiscono la predazione del granchio blu, i fenicotteri si sono insediati nel nord Italia, primi esempi di un ambiente che muta forma a velocit\u00e0 diverse da quelle umane.<br>Il festival&nbsp;<em>La vita selvatica&nbsp;<\/em>si propone di creare un avvicinamento, offrendo una capacit\u00e0 di sguardo sulle nuove presenze e sull\u2019ambivalenza tra accoglienza e adattamento. \u00c8 un momento di incontro, di dibattito, analisi e approfondimento su queste vite parallele: due giorni di idee e pratiche per un diverso rapportarsi tra vicinanza antropica e riforestazione. <\/p>\n\n\n\n<p><a href=\"https:\/\/lavitaselvatica.com\/\" target=\"_blank\" rel=\"noreferrer noopener\">La vita selvatica &#8211; Edizione 2025<\/a><\/p>\n<\/details>\n\n\n\n<div style=\"height:8px\" aria-hidden=\"true\" class=\"wp-block-spacer\"><\/div>\n\n\n\n<details class=\"wp-block-details has-text-color has-link-color wp-elements-6c2bbd4be79ad71eddf0eb22fdbea302 is-layout-flow wp-block-details-is-layout-flow\" style=\"color:#4a1e11;font-style:normal;font-weight:600\"><summary>L&#8217;Eterno Partigiano. Portami Via Festival &#8211; 4\/6 luglio 2025<\/summary>\n<p><\/p>\n\n\n\n<p style=\"font-style:normal;font-weight:300\">Dai luoghi simbolo della Resistenza sul territorio astigiano &#8211; Sacrario dei Caffi, Cippo del Falchetto e l&#8217;aeroporto Partigiano Excelsior, siti sulla Alta Langa Astigiana, terra di Pavese e Fenoglio &#8211; ha origine il Portami Via Festival che nel 2025 si propone di valorizzare il patrimonio territoriale, storico\/culturale, rafforzando l&#8217;essenza commemorativa, generando una connessione tra le persone nei territori resistenti, trasformati in un palcoscenico naturale, espressione di pluralit\u00e0, nella quale la cultura democratica \u00e8 l&#8217;albero portante.<\/p>\n\n\n\n<p style=\"font-style:normal;font-weight:300\">Il direttore artistico per l&#8217;edizione 2025 \u00e8 il musicista e scrittore Massimo Zamboni che, in collaborazione con Associazione Terre Native ETS e Compagnia Editoriale Aliberti, ha suggerito il tema dell&#8217;edizione 2025: &#8220;L&#8217;Eterno Partigiano&#8221; &#8211; dall&#8217;omonima opera letteraria dell&#8217;autrice Caterina Zamboni Russia.<\/p>\n\n\n\n<p><a href=\"https:\/\/www.portamiviafestival.com\/programma-1-1-1-2\" target=\"_blank\" rel=\"noreferrer noopener\">Portami Via Festival &#8211; Edizione 2025<\/a><\/p>\n<\/details>\n\n\n\n<div style=\"height:8px\" aria-hidden=\"true\" class=\"wp-block-spacer\"><\/div>\n\n\n\n<details class=\"wp-block-details has-text-color has-link-color wp-elements-bfd025cd8ff6b191184ea34084019853 is-layout-flow wp-block-details-is-layout-flow\" style=\"color:#4a1e11;font-style:normal;font-weight:600\"><summary>Insistere di esistere. Uniti siamo tutto, divisi siamo niente &#8211; 2 maggio 2025<\/summary>\n<p><\/p>\n\n\n\n<p style=\"font-style:normal;font-weight:100\">Ancora una volta risaliamo al repertorio ottocentesco per trovare una frase che faccia riflettere sul presente. \u201cUniti siamo tutto, divisi siamo niente\u201d, scriveva Camillo Prampolini per il frontone della prima Casa del Popolo di Massenzatico.<\/p>\n\n\n\n<p style=\"font-style:normal;font-weight:100\">Secoli sono passati da allora, rivolgimenti, vittorie, disastri e ancora ci dobbiamo riferire a quelle parole da padri fondatori per trovare indicazioni concrete contro lo sfacelo che ci investe. E per chiederci che cosa, nel nostro essere cittadini di oggi, residua di quelle passioni granitiche e del coraggio di chi ha lottato per emancipare la propria vita.<\/p>\n\n\n\n<p style=\"font-style:normal;font-weight:100\">Il tempo che si prepara davanti a noi mostra tutta la spietatezza che pensavamo scomparsa, o almeno attenuata a fronte di una societ\u00e0 civile di cui sempre pi\u00f9 sensibilmente avvertiamo lo sfaldamento. Questo non \u00e8 momento da intrattenimento o da spettacoli. Per questo il concerto di Massimo Zamboni si arricchisce di altre voci, ospiti eccellenti come Angela Baraldi, Cisco, Lostatobrado, e si avvale del patrocinio, degli interventi e del contributo di CGIL Reggio Emilia, Istituto Cervi, Istoreco, Fondazione Reggio Tricolore e della collaborazione di Rizosfera e Musiche Metropolitane.<\/p>\n\n\n\n<p style=\"font-style:normal;font-weight:100\">Trovarsi, suonare, cantare, parlare, ascoltare, guardare. Insistere di esistere.<br>Esserci. Noi cercheremo di portare le migliori notizie possibili. Voi, portate le vostre. Con la consapevolezza che, ancora una volta, uniti saremmo tutto.<\/p>\n\n\n\n<p style=\"font-style:normal;font-weight:100\">MASSIMO ZAMBONI in concerto con<br>Cristiano Roversi, Erik Montanari, Simone Filippi<br>e con la partecipazione di ANGELA BARALDI, CISCO e LOSTATOBRADO<br>Interventi a cura di CGIL REGGIO EMILIA, ISTITUTO CERVI,<br>ISTORECO e FONDAZIONE REGGIO TRICOLORE.<br>A seguire DJ Set a cura di RIZOSFERA \/ ENERGUMENI<\/p>\n\n\n\n<p><strong><a href=\"https:\/\/www.youtube.com\/watch?v=WeamZXh8AuM\" target=\"_blank\" rel=\"noreferrer noopener\">Teaser evento<\/a><\/strong><\/p>\n\n\n<div class=\"wp-block-image\">\n<figure class=\"aligncenter size-large is-resized\"><img loading=\"lazy\" decoding=\"async\" width=\"706\" height=\"1024\" src=\"http:\/\/terrenative.it\/wp-content\/uploads\/2025\/04\/locandina-fuori-orario-2-1-706x1024.jpg\" alt=\"\" class=\"wp-image-1070\" style=\"width:242px;height:auto\" srcset=\"https:\/\/terrenative.it\/wp-content\/uploads\/2025\/04\/locandina-fuori-orario-2-1-706x1024.jpg 706w, https:\/\/terrenative.it\/wp-content\/uploads\/2025\/04\/locandina-fuori-orario-2-1-207x300.jpg 207w, https:\/\/terrenative.it\/wp-content\/uploads\/2025\/04\/locandina-fuori-orario-2-1-768x1114.jpg 768w, https:\/\/terrenative.it\/wp-content\/uploads\/2025\/04\/locandina-fuori-orario-2-1-1059x1536.jpg 1059w, https:\/\/terrenative.it\/wp-content\/uploads\/2025\/04\/locandina-fuori-orario-2-1.jpg 1103w\" sizes=\"(max-width: 706px) 100vw, 706px\" \/><\/figure><\/div><\/details>\n\n\n\n<div style=\"height:8px\" aria-hidden=\"true\" class=\"wp-block-spacer\"><\/div>\n\n\n\n<details class=\"wp-block-details has-text-color has-link-color wp-elements-5ead9ce79cd1072e44f77cdbf29269d1 is-layout-flow wp-block-details-is-layout-flow\" style=\"color:#4a1e11;font-style:normal;font-weight:600\"><summary>Simone Weil. Dieci idee per domani. Un libro di Stefano Oliva e Roberto Paura &#8211; 12 marzo 2025<\/summary>\n<p style=\"font-style:normal;font-weight:100\"><br>Mercoled\u00ec 12 marzo, alle ore 18:00, la <a href=\"https:\/\/www.librerie.coop\/eventi\/presentazione-del-libro-simone-weil-dieci-idee-per-domani\/\" target=\"_blank\" rel=\"noreferrer noopener\"><strong>libreria all\u2019Arco<\/strong><\/a> di Reggio Emilia ospiter\u00e0 la presentazione del libro <em>Simone Weil. Dieci idee per domani<\/em>, scritto da Stefano Oliva e Roberto Paura.<\/p>\n\n\n\n<p style=\"font-style:normal;font-weight:100\">Un evento imperdibile per approfondire il pensiero di una delle figure pi\u00f9 originali e profonde del Novecento, Simone Weil, attraverso una rilettura attuale e stimolante proposta dai due autori.<br>Il volume, edito da Futura Editrice, propone una riflessione su dieci idee chiave della filosofa francese, riportandole al contesto contemporaneo e dimostrando come il suo pensiero possa offrire spunti preziosi per affrontare le sfide del nostro tempo. Dalla critica al potere alla spiritualit\u00e0, dalla giustizia sociale all\u2019impegno politico, il libro si configura come un viaggio attraverso l\u2019eredit\u00e0 intellettuale di Weil, capace di parlare direttamente al lettore di oggi.<br>All\u2019evento interverranno gli autori, Stefano Oliva e Roberto Paura, che dialogheranno con Caterina Zamboni Russia, filosofa e studiosa di Weil, e con gli editori Simone Forte (Edizioni San Lorenzo) e Paolo Davoli (<strong><a href=\"https:\/\/rizosfera.org\/events\/simone-weil-dieci-idee-per-domani-presentazione-libro-presso-libreria-allarco-di-reggio-emilia\/\" target=\"_blank\" rel=\"noreferrer noopener\">Rizosfera<\/a><\/strong>).<\/p>\n\n\n\n<p style=\"font-style:normal;font-weight:100\">Un\u2019occasione per discutere non solo del libro, ma anche dell\u2019attualit\u00e0 del pensiero weiliano in un\u2019epoca di transizione egemonica e di grandi trasformazioni sociali, politiche e culturali.<\/p>\n\n\n\n<p style=\"font-style:normal;font-weight:100\"><strong><a href=\"https:\/\/www.youtube.com\/watch?v=hQA9qPqjKPk\" target=\"_blank\" rel=\"noreferrer noopener\">Simone Weil. Dieci idee per domani<\/a><\/strong><\/p>\n<\/details>\n\n\n\n<div style=\"height:8px\" aria-hidden=\"true\" class=\"wp-block-spacer\"><\/div>\n\n\n\n<details class=\"wp-block-details has-text-color has-link-color wp-elements-6a71a3e26105b29cc35f2dbe5b5fabd7 is-layout-flow wp-block-details-is-layout-flow\" style=\"color:#4a1e11;font-style:normal;font-weight:600\"><summary>Africa. L&#8217;urgenza, la bellezza. Una mostra di Claudio Battaglia &#8211; 16 febbraio 2025<\/summary>\n<p style=\"font-style:normal;font-weight:100\"><br>Sbarcano \u2013 chi pu\u00f2 \u2013 seppellite dai panni, con fagotti tra le braccia, fradicie, illividite, gelate, senza un luogo di ritorno. Un giubbotto galleggiante, un telo termico addosso. Nulla di ci\u00f2 che hanno affrontato si pu\u00f2 leggere negli occhi, da tanto \u00e8 scritto fittamente.<br>Eppure quelle stesse donne \u2013 non appena divenute accettate e residenti, fosse anche in estreme periferie \u2013 tornano a uno splendore originario. Rivestite di capolavori cromatici, fiere nel portamento, nell\u2019esibire forme che quasi sono uno scherno al corpo levigato degli esangui autoctoni, si stagliano nei mercati, sugli<br>autobus, lungo vie cittadine pi\u00f9 abituate a grigiori inarrivabili e tinte smorzate da un mimetismo di convenienza. Da dove vengono non se lo sentiranno chiedere mai, se non per ragioni d\u2019ufficio. Come sono arrivate, neppure. Dove e come vivono ora, nemmeno. E sarebbero sconfitte; cos\u00ec le chiamano, cos\u00ec le vorrebbero: ma a guardarle non si potrebbe dire. Portano l\u2019Africa e i suoi dolori con s\u00e9, il continente da dove ogni creatura umana proviene. E in questo inverno dove chiunque cammina con la testa incassata nelle spalle, il loro chiasso, la loro bellezza sfacciata mostrano il sovrastare della vita sull\u2019abitudine.<\/p>\n\n\n\n<p><strong><a href=\"https:\/\/www.mediciconlafrica.org\/protagonisti\/gruppo-modena-e-reggio-emilia\/\" target=\"_blank\" rel=\"noreferrer noopener\">CUAMM \u2013 Medici con l\u2019Africa<\/a><\/strong><\/p>\n\n\n\n<div class=\"alignnormal\"><div id=\"metaslider-id-1137\" style=\"width: 100%; margin: 0 auto;\" class=\"ml-slider-3-106-0 metaslider metaslider-flex metaslider-1137 ml-slider has-dots-nav has-carousel-mode ms-theme-default-base\" role=\"region\" aria-label=\"New Slideshow\" data-height=\"400\" data-width=\"300\">\n    <div id=\"metaslider_container_1137\">\n        <div id=\"metaslider_1137\">\n            <ul aria-live='off' class='slides'>\n                <li style=\"display: none; width: 100%;\" class=\"slide-1184 ms-image \" aria-roledescription=\"slide\" data-date=\"2026-03-26 08:59:07\" data-filename=\"batta-5-300x400.jpg\" data-slide-type=\"image\"><img loading=\"lazy\" decoding=\"async\" src=\"https:\/\/terrenative.it\/wp-content\/uploads\/2025\/02\/batta-5-300x400.jpg\" height=\"400\" width=\"300\" alt=\"\" class=\"slider-1137 slide-1184 msDefaultImage\" \/><\/li>\n                <li style=\"display: none; width: 100%;\" class=\"slide-1185 ms-image \" aria-roledescription=\"slide\" data-date=\"2026-03-26 08:59:20\" data-filename=\"batta-6-1-300x400.jpg\" data-slide-type=\"image\"><img loading=\"lazy\" decoding=\"async\" src=\"https:\/\/terrenative.it\/wp-content\/uploads\/2025\/02\/batta-6-1-300x400.jpg\" height=\"400\" width=\"300\" alt=\"\" class=\"slider-1137 slide-1185 msDefaultImage\" title=\"batta 6\" \/><\/li>\n                <li style=\"display: none; width: 100%;\" class=\"slide-1186 ms-image \" aria-roledescription=\"slide\" data-date=\"2026-03-26 08:59:26\" data-filename=\"batat-2-300x400.jpg\" data-slide-type=\"image\"><img loading=\"lazy\" decoding=\"async\" src=\"https:\/\/terrenative.it\/wp-content\/uploads\/2025\/02\/batat-2-300x400.jpg\" height=\"400\" width=\"300\" alt=\"\" class=\"slider-1137 slide-1186 msDefaultImage\" \/><\/li>\n                <li style=\"display: none; width: 100%;\" class=\"slide-1187 ms-image \" aria-roledescription=\"slide\" data-date=\"2026-03-26 08:59:37\" data-filename=\"Cartolina_Mostra_Battaglia_page-0001-300x400.jpg\" data-slide-type=\"image\"><img loading=\"lazy\" decoding=\"async\" src=\"https:\/\/terrenative.it\/wp-content\/uploads\/2025\/02\/Cartolina_Mostra_Battaglia_page-0001-300x400.jpg\" height=\"400\" width=\"300\" alt=\"\" class=\"slider-1137 slide-1187 msDefaultImage\" \/><\/li>\n                <li style=\"display: none; width: 100%;\" class=\"slide-1188 ms-image \" aria-roledescription=\"slide\" data-date=\"2026-03-26 08:59:45\" data-filename=\"batta-1-300x400.jpg\" data-slide-type=\"image\"><img loading=\"lazy\" decoding=\"async\" src=\"https:\/\/terrenative.it\/wp-content\/uploads\/2025\/02\/batta-1-300x400.jpg\" height=\"400\" width=\"300\" alt=\"\" class=\"slider-1137 slide-1188 msDefaultImage\" title=\"batta 1\" \/><\/li>\n                <li style=\"display: none; width: 100%;\" class=\"slide-1189 ms-image \" aria-roledescription=\"slide\" data-date=\"2026-03-26 08:59:50\" data-filename=\"Cartolina_Mostra_Battaglia_page-0002-300x400.jpg\" data-slide-type=\"image\"><img loading=\"lazy\" decoding=\"async\" src=\"https:\/\/terrenative.it\/wp-content\/uploads\/2025\/02\/Cartolina_Mostra_Battaglia_page-0002-300x400.jpg\" height=\"400\" width=\"300\" alt=\"\" class=\"slider-1137 slide-1189 msDefaultImage\" title=\"Cartolina_Mostra_Battaglia_page-0002\" \/><\/li>\n            <\/ul>\n        <\/div>\n        \n    <\/div>\n<\/div><\/div>\n<\/details>\n\n\n\n<div style=\"height:8px\" aria-hidden=\"true\" class=\"wp-block-spacer\"><\/div>\n\n\n\n<details class=\"wp-block-details has-text-color has-link-color wp-elements-00bc00bfa68613cd30395624c1e7f3e8 is-layout-flow wp-block-details-is-layout-flow\" style=\"color:#4a1e11;font-style:normal;font-weight:600\"><summary>Radicarsi. Portami Via Festival &#8211; 5\/7 luglio 2024<\/summary>\n<p style=\"font-style:normal;font-weight:100\"><br>Portami Via Festival \u2013 III edizione \u2013 Caffi di Cassinasco (Asti)<\/p>\n\n\n\n<p style=\"font-style:normal;font-weight:100\">Radicarsi significa ancorarsi saldamente a un territorio. Emanare radici profonde, assorbire un humus antico fatto di paesaggio, di terra, di vite degli uomini, di lotte e emancipazioni, di leggende cronache storie. Un processo di identificazione che pu\u00f2 essere effettuato tanto per la libera e prolungata scelta derivata da una visione come per accettazione di una genealogia, di una nascita, di un nome. Ci sono luoghi che ci<br>incatenano, persone che ci incatenano e questo imprigionamento ha pi\u00f9 spesso tonalit\u00e0 vivificanti anzich\u00e9 oppressive. Una accettazione di subordine che paradossalmente conduce verso una idea eterna di libert\u00e0: quella di appartenere.<\/p>\n\n\n\n<p style=\"font-style:normal;font-weight:100\">\u00c8 una tensione dinamica che oltrepassa le apparenze, in movimento costante verso le<br>proprie origini e nel desiderio di un riconoscimento con il circostante. Concetti di segno opposto ai malintesi attuali che promuovono come libert\u00e0 la mancanza di costrizioni, di confini, di legami, senza un tempo precedente, senza un tempo futuro. Un immiserimento senza centro che rende chi lo pratica \u2013 o chi \u00e8 costretto a praticarlo, per condizioni materiali \u2013 soggetto di spaesamento e alienazione, di distanza da se stesso. Di solitudine, in una parola.<\/p>\n\n\n\n<p style=\"font-style:normal;font-weight:100\">Su queste tensioni si gioca l\u2019edizione 2024 del Portami via festival, dedicata all\u2019idea di una residenza come Resistenza esistenziale e concreta.<\/p>\n\n\n\n<p style=\"font-style:normal;font-weight:100\"><a href=\"https:\/\/www.portamiviafestival.com\/radicarsi\" target=\"_blank\" rel=\"noreferrer noopener\"><strong>Portami Via Festival \u2013 Edizione 2024<\/strong><\/a><\/p>\n<\/details>\n","protected":false},"excerpt":{"rendered":"","protected":false},"author":1,"featured_media":0,"parent":0,"menu_order":0,"comment_status":"closed","ping_status":"closed","template":"","meta":{"_themeisle_gutenberg_block_has_review":false,"footnotes":""},"yoast_head":"<!-- This site is optimized with the Yoast SEO plugin v22.8 - https:\/\/yoast.com\/wordpress\/plugins\/seo\/ -->\n<title>Eventi - Terre native\u00ae<\/title>\n<meta name=\"description\" content=\"Praticare e raccontare radici, legami, identit\u00e0 di luogo. Indagare varie forme di appartenenza, diversi territori, molteplici provenienze.\" \/>\n<meta name=\"robots\" content=\"index, follow, max-snippet:-1, max-image-preview:large, max-video-preview:-1\" \/>\n<link rel=\"canonical\" href=\"https:\/\/terrenative.it\/index.php\/eventi\/\" \/>\n<meta property=\"og:locale\" content=\"en_US\" \/>\n<meta property=\"og:type\" content=\"article\" \/>\n<meta property=\"og:title\" content=\"Eventi - Terre native\u00ae\" \/>\n<meta property=\"og:description\" content=\"Praticare e raccontare radici, legami, identit\u00e0 di luogo. Indagare varie forme di appartenenza, diversi territori, molteplici provenienze.\" \/>\n<meta property=\"og:url\" content=\"https:\/\/terrenative.it\/index.php\/eventi\/\" \/>\n<meta property=\"og:site_name\" content=\"Terre native\u00ae\" \/>\n<meta property=\"article:modified_time\" content=\"2026-03-26T08:37:02+00:00\" \/>\n<meta property=\"og:image\" content=\"http:\/\/terrenative.it\/wp-content\/uploads\/2025\/04\/locandina-fuori-orario-2-1-706x1024.jpg\" \/>\n<meta name=\"twitter:card\" content=\"summary_large_image\" \/>\n<meta name=\"twitter:label1\" content=\"Est. reading time\" \/>\n\t<meta name=\"twitter:data1\" content=\"6 minutes\" \/>\n<script type=\"application\/ld+json\" class=\"yoast-schema-graph\">{\"@context\":\"https:\/\/schema.org\",\"@graph\":[{\"@type\":\"WebPage\",\"@id\":\"https:\/\/terrenative.it\/index.php\/eventi\/\",\"url\":\"https:\/\/terrenative.it\/index.php\/eventi\/\",\"name\":\"Eventi - Terre native\u00ae\",\"isPartOf\":{\"@id\":\"https:\/\/terrenative.it\/#website\"},\"primaryImageOfPage\":{\"@id\":\"https:\/\/terrenative.it\/index.php\/eventi\/#primaryimage\"},\"image\":{\"@id\":\"https:\/\/terrenative.it\/index.php\/eventi\/#primaryimage\"},\"thumbnailUrl\":\"http:\/\/terrenative.it\/wp-content\/uploads\/2025\/04\/locandina-fuori-orario-2-1-706x1024.jpg\",\"datePublished\":\"2024-03-03T17:58:15+00:00\",\"dateModified\":\"2026-03-26T08:37:02+00:00\",\"description\":\"Praticare e raccontare radici, legami, identit\u00e0 di luogo. Indagare varie forme di appartenenza, diversi territori, molteplici provenienze.\",\"breadcrumb\":{\"@id\":\"https:\/\/terrenative.it\/index.php\/eventi\/#breadcrumb\"},\"inLanguage\":\"en-US\",\"potentialAction\":[{\"@type\":\"ReadAction\",\"target\":[\"https:\/\/terrenative.it\/index.php\/eventi\/\"]}]},{\"@type\":\"ImageObject\",\"inLanguage\":\"en-US\",\"@id\":\"https:\/\/terrenative.it\/index.php\/eventi\/#primaryimage\",\"url\":\"https:\/\/terrenative.it\/wp-content\/uploads\/2025\/04\/locandina-fuori-orario-2-1.jpg\",\"contentUrl\":\"https:\/\/terrenative.it\/wp-content\/uploads\/2025\/04\/locandina-fuori-orario-2-1.jpg\",\"width\":1103,\"height\":1600},{\"@type\":\"BreadcrumbList\",\"@id\":\"https:\/\/terrenative.it\/index.php\/eventi\/#breadcrumb\",\"itemListElement\":[{\"@type\":\"ListItem\",\"position\":1,\"name\":\"Home\",\"item\":\"https:\/\/terrenative.it\/\"},{\"@type\":\"ListItem\",\"position\":2,\"name\":\"Eventi\"}]},{\"@type\":\"WebSite\",\"@id\":\"https:\/\/terrenative.it\/#website\",\"url\":\"https:\/\/terrenative.it\/\",\"name\":\"Terre native\u00ae\",\"description\":\"Associazione culturale\",\"publisher\":{\"@id\":\"https:\/\/terrenative.it\/#organization\"},\"potentialAction\":[{\"@type\":\"SearchAction\",\"target\":{\"@type\":\"EntryPoint\",\"urlTemplate\":\"https:\/\/terrenative.it\/?s={search_term_string}\"},\"query-input\":\"required name=search_term_string\"}],\"inLanguage\":\"en-US\"},{\"@type\":\"Organization\",\"@id\":\"https:\/\/terrenative.it\/#organization\",\"name\":\"Terre native\u00ae\",\"url\":\"https:\/\/terrenative.it\/\",\"logo\":{\"@type\":\"ImageObject\",\"inLanguage\":\"en-US\",\"@id\":\"https:\/\/terrenative.it\/#\/schema\/logo\/image\/\",\"url\":\"https:\/\/terrenative.it\/wp-content\/uploads\/2025\/02\/cropped-Logo_Terre_Native_bianco_X-1.png\",\"contentUrl\":\"https:\/\/terrenative.it\/wp-content\/uploads\/2025\/02\/cropped-Logo_Terre_Native_bianco_X-1.png\",\"width\":2721,\"height\":1998,\"caption\":\"Terre native\u00ae\"},\"image\":{\"@id\":\"https:\/\/terrenative.it\/#\/schema\/logo\/image\/\"}}]}<\/script>\n<!-- \/ Yoast SEO plugin. -->","yoast_head_json":{"title":"Eventi - Terre native\u00ae","description":"Praticare e raccontare radici, legami, identit\u00e0 di luogo. Indagare varie forme di appartenenza, diversi territori, molteplici provenienze.","robots":{"index":"index","follow":"follow","max-snippet":"max-snippet:-1","max-image-preview":"max-image-preview:large","max-video-preview":"max-video-preview:-1"},"canonical":"https:\/\/terrenative.it\/index.php\/eventi\/","og_locale":"en_US","og_type":"article","og_title":"Eventi - Terre native\u00ae","og_description":"Praticare e raccontare radici, legami, identit\u00e0 di luogo. Indagare varie forme di appartenenza, diversi territori, molteplici provenienze.","og_url":"https:\/\/terrenative.it\/index.php\/eventi\/","og_site_name":"Terre native\u00ae","article_modified_time":"2026-03-26T08:37:02+00:00","og_image":[{"url":"http:\/\/terrenative.it\/wp-content\/uploads\/2025\/04\/locandina-fuori-orario-2-1-706x1024.jpg"}],"twitter_card":"summary_large_image","twitter_misc":{"Est. reading time":"6 minutes"},"schema":{"@context":"https:\/\/schema.org","@graph":[{"@type":"WebPage","@id":"https:\/\/terrenative.it\/index.php\/eventi\/","url":"https:\/\/terrenative.it\/index.php\/eventi\/","name":"Eventi - Terre native\u00ae","isPartOf":{"@id":"https:\/\/terrenative.it\/#website"},"primaryImageOfPage":{"@id":"https:\/\/terrenative.it\/index.php\/eventi\/#primaryimage"},"image":{"@id":"https:\/\/terrenative.it\/index.php\/eventi\/#primaryimage"},"thumbnailUrl":"http:\/\/terrenative.it\/wp-content\/uploads\/2025\/04\/locandina-fuori-orario-2-1-706x1024.jpg","datePublished":"2024-03-03T17:58:15+00:00","dateModified":"2026-03-26T08:37:02+00:00","description":"Praticare e raccontare radici, legami, identit\u00e0 di luogo. Indagare varie forme di appartenenza, diversi territori, molteplici provenienze.","breadcrumb":{"@id":"https:\/\/terrenative.it\/index.php\/eventi\/#breadcrumb"},"inLanguage":"en-US","potentialAction":[{"@type":"ReadAction","target":["https:\/\/terrenative.it\/index.php\/eventi\/"]}]},{"@type":"ImageObject","inLanguage":"en-US","@id":"https:\/\/terrenative.it\/index.php\/eventi\/#primaryimage","url":"https:\/\/terrenative.it\/wp-content\/uploads\/2025\/04\/locandina-fuori-orario-2-1.jpg","contentUrl":"https:\/\/terrenative.it\/wp-content\/uploads\/2025\/04\/locandina-fuori-orario-2-1.jpg","width":1103,"height":1600},{"@type":"BreadcrumbList","@id":"https:\/\/terrenative.it\/index.php\/eventi\/#breadcrumb","itemListElement":[{"@type":"ListItem","position":1,"name":"Home","item":"https:\/\/terrenative.it\/"},{"@type":"ListItem","position":2,"name":"Eventi"}]},{"@type":"WebSite","@id":"https:\/\/terrenative.it\/#website","url":"https:\/\/terrenative.it\/","name":"Terre native\u00ae","description":"Associazione culturale","publisher":{"@id":"https:\/\/terrenative.it\/#organization"},"potentialAction":[{"@type":"SearchAction","target":{"@type":"EntryPoint","urlTemplate":"https:\/\/terrenative.it\/?s={search_term_string}"},"query-input":"required name=search_term_string"}],"inLanguage":"en-US"},{"@type":"Organization","@id":"https:\/\/terrenative.it\/#organization","name":"Terre native\u00ae","url":"https:\/\/terrenative.it\/","logo":{"@type":"ImageObject","inLanguage":"en-US","@id":"https:\/\/terrenative.it\/#\/schema\/logo\/image\/","url":"https:\/\/terrenative.it\/wp-content\/uploads\/2025\/02\/cropped-Logo_Terre_Native_bianco_X-1.png","contentUrl":"https:\/\/terrenative.it\/wp-content\/uploads\/2025\/02\/cropped-Logo_Terre_Native_bianco_X-1.png","width":2721,"height":1998,"caption":"Terre native\u00ae"},"image":{"@id":"https:\/\/terrenative.it\/#\/schema\/logo\/image\/"}}]}},"_links":{"self":[{"href":"https:\/\/terrenative.it\/index.php\/wp-json\/wp\/v2\/pages\/105"}],"collection":[{"href":"https:\/\/terrenative.it\/index.php\/wp-json\/wp\/v2\/pages"}],"about":[{"href":"https:\/\/terrenative.it\/index.php\/wp-json\/wp\/v2\/types\/page"}],"author":[{"embeddable":true,"href":"https:\/\/terrenative.it\/index.php\/wp-json\/wp\/v2\/users\/1"}],"replies":[{"embeddable":true,"href":"https:\/\/terrenative.it\/index.php\/wp-json\/wp\/v2\/comments?post=105"}],"version-history":[{"count":102,"href":"https:\/\/terrenative.it\/index.php\/wp-json\/wp\/v2\/pages\/105\/revisions"}],"predecessor-version":[{"id":1222,"href":"https:\/\/terrenative.it\/index.php\/wp-json\/wp\/v2\/pages\/105\/revisions\/1222"}],"wp:attachment":[{"href":"https:\/\/terrenative.it\/index.php\/wp-json\/wp\/v2\/media?parent=105"}],"curies":[{"name":"wp","href":"https:\/\/api.w.org\/{rel}","templated":true}]}}