{"id":104,"date":"2024-03-03T18:58:15","date_gmt":"2024-03-03T17:58:15","guid":{"rendered":"https:\/\/terrenative.it\/?page_id=104"},"modified":"2026-03-26T10:15:47","modified_gmt":"2026-03-26T09:15:47","slug":"musica","status":"publish","type":"page","link":"https:\/\/terrenative.it\/index.php\/musica\/","title":{"rendered":"Musica"},"content":{"rendered":"\n<p class=\"has-text-align-center has-text-color has-link-color wp-elements-a0991d3580ae09d2f45117220a48d1b3\" style=\"color:#4a1e11\">L&#8217;Associazione Terre Native ETS si propone di sostenere e contribuire alla promozione di artisti che con il tema del radicamento operano nel settore musicale.<\/p>\n\n\n\n<div style=\"height:27px\" aria-hidden=\"true\" class=\"wp-block-spacer\"><\/div>\n\n\n\n<details class=\"wp-block-details has-text-color has-link-color wp-elements-422b7f37416768caa358a35c2680f997 is-layout-flow wp-block-details-is-layout-flow\" style=\"color:#4a1e11;font-style:normal;font-weight:600\"><summary>P.P.P. \/ Profezia \u00e8 Predire il Presente &#8211; Massimo Zamboni<\/summary>\n<p><\/p>\n\n\n\n<p style=\"font-style:normal;font-weight:100\">Pi\u00f9 che un disco, un\u2019opera letteraria trasposta in musica. Pi\u00f9 che canzoni, capitoli che ripercorrono e ricostruiscono una storia unica e controversa, preziosa e drammatica. Quella di uno dei maggiori intellettuali italiani di sempre, Pier Paolo Pasolini.<\/p>\n\n\n\n<p style=\"font-style:normal;font-weight:100\">Un disco molteplice e ricco di sfaccettature, cos\u00ec come lo sono l\u2019anima e il pensiero di Pier Paolo Pasolini, a cui \u00e8 dedicato nel cinquantesimo anniversario della sua uccisione. Un album pervaso da quel&nbsp;<em>dolore civico profondo<\/em>&nbsp;che accompagna incessantemente il percorso di P.P.P. come uomo e come intellettuale che ha saputo profetizzare e percepire la trasformazione drammatica e lacerante dell\u2019Italia. Nato dall\u2019omonimo progetto di reading-concerto che alterna canzoni, letture tratte da Pasolini e testi scritti da Zamboni,&nbsp;<em>P.P.P. Profezia \u00e8 Predire il Presente&nbsp;<\/em>si compone di tredici tracce: canti popolari, un omaggio a Giovanna Marini, brani estratti dal lungo percorso musicale di Zamboni e tre inediti (<em>La rabbia e l\u2019hashish, Cantico cristiano&nbsp;<\/em>e&nbsp;<em>Tu muori)<\/em>&nbsp;che conducono lungo un percorso sempre pi\u00f9 scuro, quasi desolato, per accompagnare il pensiero e la fine del pensare di Pasolini.<\/p>\n\n\n\n<p style=\"font-style:normal;font-weight:100\">Un Pasolini multiforme, inafferrabile, che ha affrontato inimicizie insanabili, disumane, e un isolamento feroce altrettanto. Eppure, ancora oggi, a 50 anni dalla sua uccisione, non possiamo prescindere dalla sua intelligenza, da quel suo sguardo che taglia come un laser ed \u00e8 capace di offrire squarci di una compassione profondissima. Un pensiero che, nonostante i plurimi tentativi, non \u00e8 stato schiacciato da chi lo avrebbe voluto ridurre, impoverire e semplificare. E che si presenta oggi pi\u00f9 attuale che mai.<\/p>\n\n\n\n<p><strong><a href=\"https:\/\/rizosfera.org\/en\/shop\/lv116\/cd-booklet\/\" target=\"_blank\" rel=\"noreferrer noopener\">Profezia \u00e8 Predire il Presente \u2013 Album<\/a><\/strong><\/p>\n\n\n\n<p><strong><a href=\"https:\/\/www.youtube.com\/watch?v=BewoYP7Kx6c&amp;t=1s\" target=\"_blank\" rel=\"noreferrer noopener\">Profezia \u00e8 Predire il Presente \u2013 Teaser<\/a><\/strong><\/p>\n\n\n\n<p><strong><a href=\"https:\/\/www.youtube.com\/watch?v=74zk89nnMbU\" target=\"_blank\" rel=\"noreferrer noopener\">La rabbia e l\u2019hashish \u2013 Video<\/a><\/strong><\/p>\n\n\n\n<div class=\"alignnormal\"><div id=\"metaslider-id-1266\" style=\"width: 100%;\" class=\"ml-slider-3-106-0 metaslider metaslider-flex metaslider-1266 ml-slider has-dots-nav has-carousel-mode ms-theme-default-base\" role=\"region\" aria-label=\"New Slideshow\" data-height=\"600\" data-width=\"400\">\n    <div id=\"metaslider_container_1266\">\n        <div id=\"metaslider_1266\">\n            <ul aria-live='off' class='slides'>\n                <li style=\"display: none; width: 100%;\" class=\"slide-1267 ms-image \" aria-roledescription=\"slide\" data-date=\"2026-03-26 10:08:21\" data-filename=\"Zamboni_PPP_Cover_-HD-752x1024-1-400x600.jpg\" data-slide-type=\"image\"><img loading=\"lazy\" decoding=\"async\" src=\"https:\/\/terrenative.it\/wp-content\/uploads\/2025\/01\/Zamboni_PPP_Cover_-HD-752x1024-1-400x600.jpg\" height=\"600\" width=\"400\" alt=\"\" class=\"slider-1266 slide-1267 msDefaultImage\" title=\"Zamboni_PPP_Cover_-HD-752x1024\" \/><\/li>\n                <li style=\"display: none; width: 100%;\" class=\"slide-1268 ms-image \" aria-roledescription=\"slide\" data-date=\"2026-03-26 10:08:34\" data-filename=\"Zamboni_PPP_Libretto_pag_09_page-0001-400x600.jpg\" data-slide-type=\"image\"><img loading=\"lazy\" decoding=\"async\" src=\"https:\/\/terrenative.it\/wp-content\/uploads\/2025\/01\/Zamboni_PPP_Libretto_pag_09_page-0001-400x600.jpg\" height=\"600\" width=\"400\" alt=\"\" class=\"slider-1266 slide-1268 msDefaultImage\" title=\"Zamboni_PPP_Libretto_pag_09_page-0001\" \/><\/li>\n                <li style=\"display: none; width: 100%;\" class=\"slide-1269 ms-image \" aria-roledescription=\"slide\" data-date=\"2026-03-26 10:08:41\" data-filename=\"ok-pas-400x600.jpg\" data-slide-type=\"image\"><img loading=\"lazy\" decoding=\"async\" src=\"https:\/\/terrenative.it\/wp-content\/uploads\/2025\/01\/ok-pas-400x600.jpg\" height=\"600\" width=\"400\" alt=\"\" class=\"slider-1266 slide-1269 msDefaultImage\" title=\"ok pas\" \/><\/li>\n                <li style=\"display: none; width: 100%;\" class=\"slide-1270 ms-image \" aria-roledescription=\"slide\" data-date=\"2026-03-26 10:08:49\" data-filename=\"31102022-IMG_0007-solo-Zamboni_pp_Q-scaled.jpg-scaled-400x600.webp\" data-slide-type=\"image\"><img loading=\"lazy\" decoding=\"async\" src=\"https:\/\/terrenative.it\/wp-content\/uploads\/2025\/01\/31102022-IMG_0007-solo-Zamboni_pp_Q-scaled.jpg-scaled-400x600.webp\" height=\"600\" width=\"400\" alt=\"\" class=\"slider-1266 slide-1270 msDefaultImage\" title=\"31102022-IMG_0007-solo-Zamboni_pp_Q-scaled.jpg\" \/><\/li>\n                <li style=\"display: none; width: 100%;\" class=\"slide-1271 ms-image \" aria-roledescription=\"slide\" data-date=\"2026-03-26 10:09:00\" data-filename=\"Zamboni_PPP_Libretto_pag_01_page-0001-400x600.jpg\" data-slide-type=\"image\"><img loading=\"lazy\" decoding=\"async\" src=\"https:\/\/terrenative.it\/wp-content\/uploads\/2025\/01\/Zamboni_PPP_Libretto_pag_01_page-0001-400x600.jpg\" height=\"600\" width=\"400\" alt=\"\" class=\"slider-1266 slide-1271 msDefaultImage\" title=\"Zamboni_PPP_Libretto_pag_01_page-0001\" \/><\/li>\n                <li style=\"display: none; width: 100%;\" class=\"slide-1272 ms-image \" aria-roledescription=\"slide\" data-date=\"2026-03-26 10:09:06\" data-filename=\"Zamboni_PPP_Cover_CD_retro-400x600.jpg\" data-slide-type=\"image\"><img loading=\"lazy\" decoding=\"async\" src=\"https:\/\/terrenative.it\/wp-content\/uploads\/2025\/01\/Zamboni_PPP_Cover_CD_retro-400x600.jpg\" height=\"600\" width=\"400\" alt=\"\" class=\"slider-1266 slide-1272 msDefaultImage\" title=\"Zamboni_PPP_Dvd-2-ante-con-tray-e-book_OK.indd\" \/><\/li>\n            <\/ul>\n        <\/div>\n        \n    <\/div>\n<\/div><\/div>\n<\/details>\n\n\n\n<div style=\"height:8px\" aria-hidden=\"true\" class=\"wp-block-spacer\"><\/div>\n\n\n\n<details class=\"wp-block-details has-text-color has-link-color wp-elements-5ab66e561121750ba0294690d0a93adb is-layout-flow wp-block-details-is-layout-flow\" style=\"color:#4a1e11;font-style:normal;font-weight:600\"><summary>Canzoni contro la ragione &#8211; LOSTATOBRADO<\/summary>\n<p><\/p>\n\n\n\n<p style=\"font-style:normal;font-weight:100\">Ci\u00f2 che \u00e8 stato \u00e8 stato brado<\/p>\n\n\n\n<p style=\"font-style:normal;font-weight:100\">Attorno a un circolo di pietre danziamo con tutti i personaggi dello stato brado: le galline, le scimmie, gli storpi, gli esseri inquieti. Il synth suona una melodia microtonale da cornamusa del post agricolo, la voce urla e chiede di essere portata via, la chitarra baritona batte. Non ci resta che sperare che qualcuno ci porti altrove, in uno stato brado, un luogo imperfetto, selvaggio, sincero, mortale, dove poter cantare un canto contro la ragione.<\/p>\n\n\n\n<p style=\"font-style:normal;font-weight:100\"><em>Canzoni contro la ragione<\/em> nasce dalla necessit\u00e0 di creare una frattura nelle logiche di razionalit\u00e0 e produttivit\u00e0 dell\u2019ambiente che ci circonda. Racconta di un mondo sempre pi\u00f9 ostile nei confronti della vita e di un\u2019umanit\u00e0 che si definisce post moderna, post storica, post muro di Berlino, post guerra fredda, post sviluppo atomico, post covid, post crisi economica, ma che \u00e8 in realt\u00e0 l\u2019umanit\u00e0 di sempre, con la differenza unica che si \u00e8 disinteressata al rapporto con la natura: l\u2019umanit\u00e0 post agricola. <em>Canzoni contro la ragione<\/em> parla di bancali, di funghi, di rami, di cortei, di alluvioni, di capre, di cirri, di montagna, di zone abbandonate e di citt\u00e0 invase. \u00c8 un inveire contro il mondo che non conosce pi\u00f9 gli animali, le piante, che non ha mai visto una gallina, che ha sostituito il sonno con il riposo, che ha sostituito la ragione con la logica ferrea della finanza, che ha sostituito il confronto con la guerra, la musica con la musicologia, la mappa con il territorio, l\u2019amore con il possesso, la divinazione con gli algoritmi, la fiaba e la favola con l\u2019auto-rappresentazione ossessiva di s\u00e9 sui social, le cose sacre, come i fiori dell\u2019estate e la merda delle capre con il denaro.<\/p>\n\n\n\n<p style=\"font-style:normal;font-weight:100\">Tra il 2022 e il 2023 nasce a Bologna LOSTATOBRADO, musica elettroacustica post agricola. La premessa \u00e8 quella di portare la forma canzone in altri luoghi grazie alla sperimentazione elettronica e all\u2019improvvisazione sonora collettiva. Alessio Vanni, scrive, canta utilizzando una voce spesso distorta, suona il microkorg, processa suoni con il campionatore e si occupa delle linee di basso con un korg volca bass. Lorenzo Valdesalici, suona la chitarra baritona e utilizza gli effetti a sua disposizione e un archetto da violoncello per ricercare un nuovo tipo di chitarrismo a lui pi\u00f9 congeniale, a met\u00e0 tra uno strumento popolare e un set elettronico. Lorenzo Marra, porta la sua esperienza nella sintesi elettronica, utilizzando un piccolo sistema modulare, un sintetizzatore polifonico e Ableton Live.<\/p>\n\n\n\n<p><a href=\"https:\/\/www.youtube.com\/watch?v=__R2ohSb8Mw\" target=\"_blank\" rel=\"noreferrer noopener\"><strong>Inutile (Live at Cardo) \u2013 Video<\/strong><\/a><\/p>\n\n\n\n<p><a href=\"https:\/\/inunostatobrado.bandcamp.com\/album\/canzoni-contro-la-ragione\" target=\"_blank\" rel=\"noreferrer noopener\"><strong>Canzoni contro la ragione \u2013 Album<\/strong><\/a><\/p>\n\n\n\n<div class=\"alignnormal\"><div id=\"metaslider-id-1274\" style=\"width: 100%; margin: 0 auto;\" class=\"ml-slider-3-106-0 metaslider metaslider-flex metaslider-1274 ml-slider has-dots-nav has-carousel-mode ms-theme-default-base\" role=\"region\" aria-label=\"New Slideshow\" data-height=\"400\" data-width=\"400\">\n    <div id=\"metaslider_container_1274\">\n        <div id=\"metaslider_1274\">\n            <ul aria-live='off' class='slides'>\n                <li style=\"display: none; width: 100%;\" class=\"slide-1275 ms-image \" aria-roledescription=\"slide\" data-date=\"2026-03-26 10:11:21\" data-filename=\"stato-brado-5-400x400.png\" data-slide-type=\"image\"><img loading=\"lazy\" decoding=\"async\" src=\"https:\/\/terrenative.it\/wp-content\/uploads\/2024\/05\/stato-brado-5-400x400.png\" height=\"400\" width=\"400\" alt=\"\" class=\"slider-1274 slide-1275 msDefaultImage\" title=\"stato brado-5\" \/><\/li>\n                <li style=\"display: none; width: 100%;\" class=\"slide-1276 ms-image \" aria-roledescription=\"slide\" data-date=\"2026-03-26 10:11:30\" data-filename=\"5-400x400.jpg\" data-slide-type=\"image\"><img loading=\"lazy\" decoding=\"async\" src=\"https:\/\/terrenative.it\/wp-content\/uploads\/2024\/05\/5-400x400.jpg\" height=\"400\" width=\"400\" alt=\"\" class=\"slider-1274 slide-1276 msDefaultImage\" title=\"5\" \/><\/li>\n                <li style=\"display: none; width: 100%;\" class=\"slide-1277 ms-image \" aria-roledescription=\"slide\" data-date=\"2026-03-26 10:11:51\" data-filename=\"brado-2-ok-1-400x400.jpg\" data-slide-type=\"image\"><img loading=\"lazy\" decoding=\"async\" src=\"https:\/\/terrenative.it\/wp-content\/uploads\/2024\/05\/brado-2-ok-1-400x400.jpg\" height=\"400\" width=\"400\" alt=\"\" class=\"slider-1274 slide-1277 msDefaultImage\" title=\"STATO BRADO - 1\" \/><\/li>\n            <\/ul>\n        <\/div>\n        \n    <\/div>\n<\/div><\/div>\n<\/details>\n\n\n\n<div style=\"height:8px\" aria-hidden=\"true\" class=\"wp-block-spacer\"><\/div>\n\n\n\n<details class=\"wp-block-details has-text-color has-link-color wp-elements-016d73319ef94f1fb700a8cfe88085f3 is-layout-flow wp-block-details-is-layout-flow\" style=\"color:#4a1e11;font-style:normal;font-weight:600\"><summary>Andare via &#8211; Massimo Zamboni<\/summary>\n<p style=\"font-style:normal;font-weight:100\"> <br>Per una conoscenza approfondita della genealogia familiare, so per certo che nessuno di noi \u00e8 mai partito per non ritornare. Nessuno ha dovuto cercare fortuna o quantomeno un minimo benessere in paesi lontani, recidendo rapporti, condannandosi a un ritorno al tempo di festa o in occasione di elezioni politiche, ultimo spiraglio di appartenenza. Una situazione di privilegio, certamente, che a tutti ha consentito di non dover cominciare da capo il lavoro delle moltitudini precedenti. L\u2019accento non \u00e8 sulla fortuna economica, sempre variabile, impennata all\u2019ins\u00f9 e all\u2019ingi\u00f9, quanto sulla fortuna esistenziale, quella che trova il proprio futuro nutrendosi attraverso radici territoriali solide.<br>Eppure gli uomini si muovono. Vanno via. Traslocano, viaggiano, scappano, si mettono in salvo, ricominciano continuamente e da sempre. La lingua materna rimane in loro, per lungo tempo; la cultura \u2013 che \u00e8 cucina, paesaggio esterno e interiore, spirito, pelle, carattere \u2013 rimane. \u00c8 per salvaguardare questi residui che ci si ritrova tra connazionali altrove, in un affratellamento che il Paese originario non avrebbe garantito con eguale portata. \u00c8 una patria traslocata quella che si va a costituire.<br><br>Paradossalmente sono proprio le ultime generazioni \u2013 mediamente benestanti, acculturate, plurilingue \u2013 a dovere immaginare una vita oltre frontiera. Nessuna miniera li attende, nessun cantiere edile, nessuna ferrovia da costruire, nessuna foresta da sradicare. Una manodopera senza mani e molto cervello che reclama attenzione e livelli di vita e di lavoro adeguati alla competenza acquisita. Un mondo luccicante sorride oltre cortina, ed \u00e8 pi\u00f9 che lecito accarezzare la voglia di andarsene da un Paese ammalato e irriconoscente come il nostro. Una parte ce la far\u00e0, inserendosi ottimamente nelle nuove comunit\u00e0 di destinazione; una parte no, continuer\u00e0 a vagolare tra i continenti in cerca di una considerazione che non \u00e8 garantita. E si ritorna, e si riparte, e di nuovo si va via.<\/p>\n\n\n\n<p><a href=\"https:\/\/rizosfera.org\/shop\/tn2024\/cd\/\" target=\"_blank\" rel=\"noreferrer noopener\"><strong>Andare via \u2013 CD e digital streaming<\/strong><\/a><\/p>\n\n\n\n<p><a href=\"https:\/\/www.rsi.ch\/play\/tv\/-\/video\/massimo-zamboni?urn=urn:rsi:video:2093563\" target=\"_blank\" rel=\"noreferrer noopener\"><strong>Andare via \u2013 Video integrale<\/strong><\/a><\/p>\n\n\n\n<div class=\"alignnormal\"><div id=\"metaslider-id-1279\" style=\"width: 100%; margin: 0 auto;\" class=\"ml-slider-3-106-0 metaslider metaslider-flex metaslider-1279 ml-slider has-dots-nav has-carousel-mode ms-theme-default-base\" role=\"region\" aria-label=\"New Slideshow\" data-height=\"400\" data-width=\"400\">\n    <div id=\"metaslider_container_1279\">\n        <div id=\"metaslider_1279\">\n            <ul aria-live='off' class='slides'>\n                <li style=\"display: none; width: 100%;\" class=\"slide-1280 ms-image \" aria-roledescription=\"slide\" data-date=\"2026-03-26 10:13:24\" data-filename=\"Zamboni_AndareVia_CD_Booklet_p1-400x400.jpg\" data-slide-type=\"image\"><img loading=\"lazy\" decoding=\"async\" src=\"https:\/\/terrenative.it\/wp-content\/uploads\/2024\/03\/Zamboni_AndareVia_CD_Booklet_p1-400x400.jpg\" height=\"400\" width=\"400\" alt=\"\" class=\"slider-1279 slide-1280 msDefaultImage\" title=\"Zamboni_AndareVia_CD_Booklet_p1\" \/><\/li>\n                <li style=\"display: none; width: 100%;\" class=\"slide-1281 ms-image \" aria-roledescription=\"slide\" data-date=\"2026-03-26 10:13:30\" data-filename=\"Zamboni_AndareVia_CD_Booklet_p2-1-400x400.jpg\" data-slide-type=\"image\"><img loading=\"lazy\" decoding=\"async\" src=\"https:\/\/terrenative.it\/wp-content\/uploads\/2024\/03\/Zamboni_AndareVia_CD_Booklet_p2-1-400x400.jpg\" height=\"400\" width=\"400\" alt=\"\" class=\"slider-1279 slide-1281 msDefaultImage\" title=\"Zamboni_AndareVia_CD_Booklet_p2\" \/><\/li>\n                <li style=\"display: none; width: 100%;\" class=\"slide-1282 ms-image \" aria-roledescription=\"slide\" data-date=\"2026-03-26 10:13:36\" data-filename=\"Zamboni_AndareVia_CD_Booklet_p6-400x400.jpg\" data-slide-type=\"image\"><img loading=\"lazy\" decoding=\"async\" src=\"https:\/\/terrenative.it\/wp-content\/uploads\/2024\/03\/Zamboni_AndareVia_CD_Booklet_p6-400x400.jpg\" height=\"400\" width=\"400\" alt=\"\" class=\"slider-1279 slide-1282 msDefaultImage\" title=\"Zamboni_AndareVia_CD_Booklet_p6\" \/><\/li>\n                <li style=\"display: none; width: 100%;\" class=\"slide-1283 ms-image \" aria-roledescription=\"slide\" data-date=\"2026-03-26 10:13:42\" data-filename=\"Zamboni_AndareVia_CD_Copertina_interno_2-400x400.jpg\" data-slide-type=\"image\"><img loading=\"lazy\" decoding=\"async\" src=\"https:\/\/terrenative.it\/wp-content\/uploads\/2024\/03\/Zamboni_AndareVia_CD_Copertina_interno_2-400x400.jpg\" height=\"400\" width=\"400\" alt=\"\" class=\"slider-1279 slide-1283 msDefaultImage\" title=\"Zamboni_AndareVia_CD_Copertina_interno_2\" \/><\/li>\n                <li style=\"display: none; width: 100%;\" class=\"slide-1284 ms-image \" aria-roledescription=\"slide\" data-date=\"2026-03-26 10:13:51\" data-filename=\"Zamboni_AndareVia_CD_Booklet_p5-400x400.jpg\" data-slide-type=\"image\"><img loading=\"lazy\" decoding=\"async\" src=\"https:\/\/terrenative.it\/wp-content\/uploads\/2024\/03\/Zamboni_AndareVia_CD_Booklet_p5-400x400.jpg\" height=\"400\" width=\"400\" alt=\"\" class=\"slider-1279 slide-1284 msDefaultImage\" title=\"Zamboni_AndareVia_CD_Booklet_p5\" \/><\/li>\n                <li style=\"display: none; width: 100%;\" class=\"slide-1285 ms-image \" aria-roledescription=\"slide\" data-date=\"2026-03-26 10:13:57\" data-filename=\"Zamboni_AndareVia_CD_Copertina_interno_1-400x400.jpg\" data-slide-type=\"image\"><img loading=\"lazy\" decoding=\"async\" src=\"https:\/\/terrenative.it\/wp-content\/uploads\/2024\/03\/Zamboni_AndareVia_CD_Copertina_interno_1-400x400.jpg\" height=\"400\" width=\"400\" alt=\"\" class=\"slider-1279 slide-1285 msDefaultImage\" title=\"Zamboni_AndareVia_CD_Copertina_interno_1\" \/><\/li>\n            <\/ul>\n        <\/div>\n        \n    <\/div>\n<\/div><\/div>\n<\/details>\n","protected":false},"excerpt":{"rendered":"<p>L&#8217;Associazione Terre Native ETS si propone di sostenere e contribuire alla promozione di artisti che con il tema del radicamento operano nel settore musicale.<\/p>\n","protected":false},"author":1,"featured_media":0,"parent":0,"menu_order":0,"comment_status":"closed","ping_status":"closed","template":"","meta":{"_themeisle_gutenberg_block_has_review":false,"footnotes":""},"yoast_head":"<!-- This site is optimized with the Yoast SEO plugin v22.8 - https:\/\/yoast.com\/wordpress\/plugins\/seo\/ -->\n<title>Musica - Terre native\u00ae<\/title>\n<meta name=\"description\" content=\"Praticare e raccontare radici, legami, identit\u00e0 di luogo. Indagare varie forme di appartenenza, diversi territori, molteplici provenienze.\" \/>\n<meta name=\"robots\" content=\"index, follow, max-snippet:-1, max-image-preview:large, max-video-preview:-1\" \/>\n<link rel=\"canonical\" href=\"https:\/\/terrenative.it\/index.php\/musica\/\" \/>\n<meta property=\"og:locale\" content=\"en_US\" \/>\n<meta property=\"og:type\" content=\"article\" \/>\n<meta property=\"og:title\" content=\"Musica - Terre native\u00ae\" \/>\n<meta property=\"og:description\" content=\"Praticare e raccontare radici, legami, identit\u00e0 di luogo. Indagare varie forme di appartenenza, diversi territori, molteplici provenienze.\" \/>\n<meta property=\"og:url\" content=\"https:\/\/terrenative.it\/index.php\/musica\/\" \/>\n<meta property=\"og:site_name\" content=\"Terre native\u00ae\" \/>\n<meta property=\"article:modified_time\" content=\"2026-03-26T09:15:47+00:00\" \/>\n<meta name=\"twitter:card\" content=\"summary_large_image\" \/>\n<meta name=\"twitter:label1\" content=\"Est. reading time\" \/>\n\t<meta name=\"twitter:data1\" content=\"5 minutes\" \/>\n<script type=\"application\/ld+json\" class=\"yoast-schema-graph\">{\"@context\":\"https:\/\/schema.org\",\"@graph\":[{\"@type\":\"WebPage\",\"@id\":\"https:\/\/terrenative.it\/index.php\/musica\/\",\"url\":\"https:\/\/terrenative.it\/index.php\/musica\/\",\"name\":\"Musica - Terre native\u00ae\",\"isPartOf\":{\"@id\":\"https:\/\/terrenative.it\/#website\"},\"datePublished\":\"2024-03-03T17:58:15+00:00\",\"dateModified\":\"2026-03-26T09:15:47+00:00\",\"description\":\"Praticare e raccontare radici, legami, identit\u00e0 di luogo. Indagare varie forme di appartenenza, diversi territori, molteplici provenienze.\",\"breadcrumb\":{\"@id\":\"https:\/\/terrenative.it\/index.php\/musica\/#breadcrumb\"},\"inLanguage\":\"en-US\",\"potentialAction\":[{\"@type\":\"ReadAction\",\"target\":[\"https:\/\/terrenative.it\/index.php\/musica\/\"]}]},{\"@type\":\"BreadcrumbList\",\"@id\":\"https:\/\/terrenative.it\/index.php\/musica\/#breadcrumb\",\"itemListElement\":[{\"@type\":\"ListItem\",\"position\":1,\"name\":\"Home\",\"item\":\"https:\/\/terrenative.it\/\"},{\"@type\":\"ListItem\",\"position\":2,\"name\":\"Musica\"}]},{\"@type\":\"WebSite\",\"@id\":\"https:\/\/terrenative.it\/#website\",\"url\":\"https:\/\/terrenative.it\/\",\"name\":\"Terre native\u00ae\",\"description\":\"Associazione culturale\",\"publisher\":{\"@id\":\"https:\/\/terrenative.it\/#organization\"},\"potentialAction\":[{\"@type\":\"SearchAction\",\"target\":{\"@type\":\"EntryPoint\",\"urlTemplate\":\"https:\/\/terrenative.it\/?s={search_term_string}\"},\"query-input\":\"required name=search_term_string\"}],\"inLanguage\":\"en-US\"},{\"@type\":\"Organization\",\"@id\":\"https:\/\/terrenative.it\/#organization\",\"name\":\"Terre native\u00ae\",\"url\":\"https:\/\/terrenative.it\/\",\"logo\":{\"@type\":\"ImageObject\",\"inLanguage\":\"en-US\",\"@id\":\"https:\/\/terrenative.it\/#\/schema\/logo\/image\/\",\"url\":\"https:\/\/terrenative.it\/wp-content\/uploads\/2025\/02\/cropped-Logo_Terre_Native_bianco_X-1.png\",\"contentUrl\":\"https:\/\/terrenative.it\/wp-content\/uploads\/2025\/02\/cropped-Logo_Terre_Native_bianco_X-1.png\",\"width\":2721,\"height\":1998,\"caption\":\"Terre native\u00ae\"},\"image\":{\"@id\":\"https:\/\/terrenative.it\/#\/schema\/logo\/image\/\"}}]}<\/script>\n<!-- \/ Yoast SEO plugin. -->","yoast_head_json":{"title":"Musica - Terre native\u00ae","description":"Praticare e raccontare radici, legami, identit\u00e0 di luogo. Indagare varie forme di appartenenza, diversi territori, molteplici provenienze.","robots":{"index":"index","follow":"follow","max-snippet":"max-snippet:-1","max-image-preview":"max-image-preview:large","max-video-preview":"max-video-preview:-1"},"canonical":"https:\/\/terrenative.it\/index.php\/musica\/","og_locale":"en_US","og_type":"article","og_title":"Musica - Terre native\u00ae","og_description":"Praticare e raccontare radici, legami, identit\u00e0 di luogo. Indagare varie forme di appartenenza, diversi territori, molteplici provenienze.","og_url":"https:\/\/terrenative.it\/index.php\/musica\/","og_site_name":"Terre native\u00ae","article_modified_time":"2026-03-26T09:15:47+00:00","twitter_card":"summary_large_image","twitter_misc":{"Est. reading time":"5 minutes"},"schema":{"@context":"https:\/\/schema.org","@graph":[{"@type":"WebPage","@id":"https:\/\/terrenative.it\/index.php\/musica\/","url":"https:\/\/terrenative.it\/index.php\/musica\/","name":"Musica - Terre native\u00ae","isPartOf":{"@id":"https:\/\/terrenative.it\/#website"},"datePublished":"2024-03-03T17:58:15+00:00","dateModified":"2026-03-26T09:15:47+00:00","description":"Praticare e raccontare radici, legami, identit\u00e0 di luogo. Indagare varie forme di appartenenza, diversi territori, molteplici provenienze.","breadcrumb":{"@id":"https:\/\/terrenative.it\/index.php\/musica\/#breadcrumb"},"inLanguage":"en-US","potentialAction":[{"@type":"ReadAction","target":["https:\/\/terrenative.it\/index.php\/musica\/"]}]},{"@type":"BreadcrumbList","@id":"https:\/\/terrenative.it\/index.php\/musica\/#breadcrumb","itemListElement":[{"@type":"ListItem","position":1,"name":"Home","item":"https:\/\/terrenative.it\/"},{"@type":"ListItem","position":2,"name":"Musica"}]},{"@type":"WebSite","@id":"https:\/\/terrenative.it\/#website","url":"https:\/\/terrenative.it\/","name":"Terre native\u00ae","description":"Associazione culturale","publisher":{"@id":"https:\/\/terrenative.it\/#organization"},"potentialAction":[{"@type":"SearchAction","target":{"@type":"EntryPoint","urlTemplate":"https:\/\/terrenative.it\/?s={search_term_string}"},"query-input":"required name=search_term_string"}],"inLanguage":"en-US"},{"@type":"Organization","@id":"https:\/\/terrenative.it\/#organization","name":"Terre native\u00ae","url":"https:\/\/terrenative.it\/","logo":{"@type":"ImageObject","inLanguage":"en-US","@id":"https:\/\/terrenative.it\/#\/schema\/logo\/image\/","url":"https:\/\/terrenative.it\/wp-content\/uploads\/2025\/02\/cropped-Logo_Terre_Native_bianco_X-1.png","contentUrl":"https:\/\/terrenative.it\/wp-content\/uploads\/2025\/02\/cropped-Logo_Terre_Native_bianco_X-1.png","width":2721,"height":1998,"caption":"Terre native\u00ae"},"image":{"@id":"https:\/\/terrenative.it\/#\/schema\/logo\/image\/"}}]}},"_links":{"self":[{"href":"https:\/\/terrenative.it\/index.php\/wp-json\/wp\/v2\/pages\/104"}],"collection":[{"href":"https:\/\/terrenative.it\/index.php\/wp-json\/wp\/v2\/pages"}],"about":[{"href":"https:\/\/terrenative.it\/index.php\/wp-json\/wp\/v2\/types\/page"}],"author":[{"embeddable":true,"href":"https:\/\/terrenative.it\/index.php\/wp-json\/wp\/v2\/users\/1"}],"replies":[{"embeddable":true,"href":"https:\/\/terrenative.it\/index.php\/wp-json\/wp\/v2\/comments?post=104"}],"version-history":[{"count":118,"href":"https:\/\/terrenative.it\/index.php\/wp-json\/wp\/v2\/pages\/104\/revisions"}],"predecessor-version":[{"id":1287,"href":"https:\/\/terrenative.it\/index.php\/wp-json\/wp\/v2\/pages\/104\/revisions\/1287"}],"wp:attachment":[{"href":"https:\/\/terrenative.it\/index.php\/wp-json\/wp\/v2\/media?parent=104"}],"curies":[{"name":"wp","href":"https:\/\/api.w.org\/{rel}","templated":true}]}}