{"id":10,"date":"2024-02-20T15:01:11","date_gmt":"2024-02-20T14:01:11","guid":{"rendered":"https:\/\/terrenative.it\/?page_id=10"},"modified":"2025-02-01T14:10:14","modified_gmt":"2025-02-01T13:10:14","slug":"chi-siamo","status":"publish","type":"page","link":"https:\/\/terrenative.it\/index.php\/chi-siamo\/","title":{"rendered":"Chi siamo"},"content":{"rendered":"\n<p class=\"has-text-align-center has-text-color has-link-color wp-elements-188a840e13c9acb99db65ea5c1883b60\" style=\"color:#4a1e11\">L&#8217;Associazione culturale Terre Native ETS nasce nel 2023 da un&#8217;idea di Caterina Zamboni Russia, Massimo Zamboni e Daniela Algeri. Motivo fondante e scopo dell&#8217;Associazione sono l&#8217;indagine e la pratica del radicamento nei luoghi: comprendere l&#8217;appartenenza territoriale come modalit\u00e0 di custodia del luogo e di preservazione del paesaggio significa cogliere un legame al territorio che sappia andare al di l\u00e0 di un pensiero di chiusura, esclusione, ripiegamento dirigendosi verso le <em>altrui<\/em> terre native. Riscoprendo in un tale legame una forma virtuosa del vivere, Terre Native ETS si propone di salvaguardare, promuovere e sostenere riflessioni e contesti che operano in tal senso.<\/p>\n\n\n\n<p class=\"has-text-align-center has-text-color has-link-color wp-elements-d671187d7600e5a6ca28434580fb89c9\" style=\"color:#4a1e11\">\u00c8 il paese d&#8217;Appennino di Onfiano, in provincia di Reggio Emilia, ad aver fornito lo slancio necessario alla creazione dell&#8217;Associazione, presentandosi nella sua ricchezza e nella sua capacit\u00e0 di generare radici. Sentirsi appartenenti a un territorio significa indagarne il carattere di localit\u00e0 nel tentativo di comprendere l&#8217;identit\u00e0 che lo caratterizza.<\/p>\n\n\n\n<p class=\"has-text-align-center has-text-color has-link-color wp-elements-d00197cd54055ebe71f8dfe04b626a91\" style=\"color:#4a1e11\">Il nostro logo riprende l&#8217;immagine degli antichi Fuochi abitativi tratti dal <em>Liber Focorum<\/em>, una particolare forma medievale di censimento della popolazione e delle unit\u00e0 abitative in cui venivano conteggiati i nuclei familiari dell&#8217;Appennino reggiano. In particolare, il logo fa riferimento al borgo di Monteorsaro, come riscoperta di un&#8217;identit\u00e0 familiare antica posta alla base della necessit\u00e0 di comprendere le appartenenze di luogo, il riconoscimento intimo con il circostante, la radice personale del proprio vivere.<\/p>\n\n\n\n<div style=\"height:27px\" aria-hidden=\"true\" class=\"wp-block-spacer\"><\/div>\n\n\n\n<p class=\"has-text-align-center has-text-color has-link-color wp-elements-02bbf282bd1137e15d2236b4ea462b4b\" style=\"color:#4a1e11\"><a href=\"https:\/\/terrenative.it\/index.php\/trasparenza\/\"><strong>Trasparenza<\/strong><\/a><\/p>\n\n\n\n<p class=\"has-text-align-center has-text-color has-link-color wp-elements-794ecc883481d700826c91d6ce2320ac\" style=\"color:#4a1e11\"><a href=\"https:\/\/terrenative.it\/index.php\/statuto\/\" data-type=\"link\" data-id=\"https:\/\/terrenative.it\/index.php\/statuto\/\"><strong>Statuto<\/strong><\/a><\/p>\n","protected":false},"excerpt":{"rendered":"<p>L&#8217;Associazione culturale Terre Native ETS nasce nel 2023 da un&#8217;idea di Caterina Zamboni Russia, Massimo Zamboni e Daniela Algeri. Motivo fondante e scopo dell&#8217;Associazione sono l&#8217;indagine e la pratica del radicamento nei luoghi: comprendere l&#8217;appartenenza territoriale come modalit\u00e0 di custodia del luogo e di preservazione del paesaggio significa cogliere un legame al territorio che sappia &hellip; <\/p>\n<p class=\"link-more\"><a href=\"https:\/\/terrenative.it\/index.php\/chi-siamo\/\" class=\"more-link\">Continue reading<span class=\"screen-reader-text\"> &#8220;Chi siamo&#8221;<\/span><\/a><\/p>\n","protected":false},"author":1,"featured_media":0,"parent":0,"menu_order":0,"comment_status":"closed","ping_status":"closed","template":"","meta":{"_themeisle_gutenberg_block_has_review":false,"footnotes":""},"yoast_head":"<!-- This site is optimized with the Yoast SEO plugin v22.8 - https:\/\/yoast.com\/wordpress\/plugins\/seo\/ -->\n<title>Chi siamo - Terre native\u00ae<\/title>\n<meta name=\"description\" content=\"Praticare e raccontare radici, legami, identit\u00e0 di luogo. Indagare varie forme di appartenenza, diversi territori, molteplici provenienze.\" \/>\n<meta name=\"robots\" content=\"index, follow, max-snippet:-1, max-image-preview:large, max-video-preview:-1\" \/>\n<link rel=\"canonical\" href=\"https:\/\/terrenative.it\/index.php\/chi-siamo\/\" \/>\n<meta property=\"og:locale\" content=\"en_US\" \/>\n<meta property=\"og:type\" content=\"article\" \/>\n<meta property=\"og:title\" content=\"Chi siamo - Terre native\u00ae\" \/>\n<meta property=\"og:description\" content=\"Praticare e raccontare radici, legami, identit\u00e0 di luogo. Indagare varie forme di appartenenza, diversi territori, molteplici provenienze.\" \/>\n<meta property=\"og:url\" content=\"https:\/\/terrenative.it\/index.php\/chi-siamo\/\" \/>\n<meta property=\"og:site_name\" content=\"Terre native\u00ae\" \/>\n<meta property=\"article:modified_time\" content=\"2025-02-01T13:10:14+00:00\" \/>\n<meta name=\"twitter:card\" content=\"summary_large_image\" \/>\n<meta name=\"twitter:label1\" content=\"Est. reading time\" \/>\n\t<meta name=\"twitter:data1\" content=\"1 minute\" \/>\n<script type=\"application\/ld+json\" class=\"yoast-schema-graph\">{\"@context\":\"https:\/\/schema.org\",\"@graph\":[{\"@type\":\"WebPage\",\"@id\":\"https:\/\/terrenative.it\/index.php\/chi-siamo\/\",\"url\":\"https:\/\/terrenative.it\/index.php\/chi-siamo\/\",\"name\":\"Chi siamo - Terre native\u00ae\",\"isPartOf\":{\"@id\":\"https:\/\/terrenative.it\/#website\"},\"datePublished\":\"2024-02-20T14:01:11+00:00\",\"dateModified\":\"2025-02-01T13:10:14+00:00\",\"description\":\"Praticare e raccontare radici, legami, identit\u00e0 di luogo. Indagare varie forme di appartenenza, diversi territori, molteplici provenienze.\",\"breadcrumb\":{\"@id\":\"https:\/\/terrenative.it\/index.php\/chi-siamo\/#breadcrumb\"},\"inLanguage\":\"en-US\",\"potentialAction\":[{\"@type\":\"ReadAction\",\"target\":[\"https:\/\/terrenative.it\/index.php\/chi-siamo\/\"]}]},{\"@type\":\"BreadcrumbList\",\"@id\":\"https:\/\/terrenative.it\/index.php\/chi-siamo\/#breadcrumb\",\"itemListElement\":[{\"@type\":\"ListItem\",\"position\":1,\"name\":\"Home\",\"item\":\"https:\/\/terrenative.it\/\"},{\"@type\":\"ListItem\",\"position\":2,\"name\":\"Chi siamo\"}]},{\"@type\":\"WebSite\",\"@id\":\"https:\/\/terrenative.it\/#website\",\"url\":\"https:\/\/terrenative.it\/\",\"name\":\"Terre native\u00ae\",\"description\":\"Associazione culturale\",\"publisher\":{\"@id\":\"https:\/\/terrenative.it\/#organization\"},\"potentialAction\":[{\"@type\":\"SearchAction\",\"target\":{\"@type\":\"EntryPoint\",\"urlTemplate\":\"https:\/\/terrenative.it\/?s={search_term_string}\"},\"query-input\":\"required name=search_term_string\"}],\"inLanguage\":\"en-US\"},{\"@type\":\"Organization\",\"@id\":\"https:\/\/terrenative.it\/#organization\",\"name\":\"Terre native\u00ae\",\"url\":\"https:\/\/terrenative.it\/\",\"logo\":{\"@type\":\"ImageObject\",\"inLanguage\":\"en-US\",\"@id\":\"https:\/\/terrenative.it\/#\/schema\/logo\/image\/\",\"url\":\"https:\/\/terrenative.it\/wp-content\/uploads\/2025\/02\/cropped-Logo_Terre_Native_bianco_X-1.png\",\"contentUrl\":\"https:\/\/terrenative.it\/wp-content\/uploads\/2025\/02\/cropped-Logo_Terre_Native_bianco_X-1.png\",\"width\":2721,\"height\":1998,\"caption\":\"Terre native\u00ae\"},\"image\":{\"@id\":\"https:\/\/terrenative.it\/#\/schema\/logo\/image\/\"}}]}<\/script>\n<!-- \/ Yoast SEO plugin. -->","yoast_head_json":{"title":"Chi siamo - Terre native\u00ae","description":"Praticare e raccontare radici, legami, identit\u00e0 di luogo. Indagare varie forme di appartenenza, diversi territori, molteplici provenienze.","robots":{"index":"index","follow":"follow","max-snippet":"max-snippet:-1","max-image-preview":"max-image-preview:large","max-video-preview":"max-video-preview:-1"},"canonical":"https:\/\/terrenative.it\/index.php\/chi-siamo\/","og_locale":"en_US","og_type":"article","og_title":"Chi siamo - Terre native\u00ae","og_description":"Praticare e raccontare radici, legami, identit\u00e0 di luogo. Indagare varie forme di appartenenza, diversi territori, molteplici provenienze.","og_url":"https:\/\/terrenative.it\/index.php\/chi-siamo\/","og_site_name":"Terre native\u00ae","article_modified_time":"2025-02-01T13:10:14+00:00","twitter_card":"summary_large_image","twitter_misc":{"Est. reading time":"1 minute"},"schema":{"@context":"https:\/\/schema.org","@graph":[{"@type":"WebPage","@id":"https:\/\/terrenative.it\/index.php\/chi-siamo\/","url":"https:\/\/terrenative.it\/index.php\/chi-siamo\/","name":"Chi siamo - Terre native\u00ae","isPartOf":{"@id":"https:\/\/terrenative.it\/#website"},"datePublished":"2024-02-20T14:01:11+00:00","dateModified":"2025-02-01T13:10:14+00:00","description":"Praticare e raccontare radici, legami, identit\u00e0 di luogo. Indagare varie forme di appartenenza, diversi territori, molteplici provenienze.","breadcrumb":{"@id":"https:\/\/terrenative.it\/index.php\/chi-siamo\/#breadcrumb"},"inLanguage":"en-US","potentialAction":[{"@type":"ReadAction","target":["https:\/\/terrenative.it\/index.php\/chi-siamo\/"]}]},{"@type":"BreadcrumbList","@id":"https:\/\/terrenative.it\/index.php\/chi-siamo\/#breadcrumb","itemListElement":[{"@type":"ListItem","position":1,"name":"Home","item":"https:\/\/terrenative.it\/"},{"@type":"ListItem","position":2,"name":"Chi siamo"}]},{"@type":"WebSite","@id":"https:\/\/terrenative.it\/#website","url":"https:\/\/terrenative.it\/","name":"Terre native\u00ae","description":"Associazione culturale","publisher":{"@id":"https:\/\/terrenative.it\/#organization"},"potentialAction":[{"@type":"SearchAction","target":{"@type":"EntryPoint","urlTemplate":"https:\/\/terrenative.it\/?s={search_term_string}"},"query-input":"required name=search_term_string"}],"inLanguage":"en-US"},{"@type":"Organization","@id":"https:\/\/terrenative.it\/#organization","name":"Terre native\u00ae","url":"https:\/\/terrenative.it\/","logo":{"@type":"ImageObject","inLanguage":"en-US","@id":"https:\/\/terrenative.it\/#\/schema\/logo\/image\/","url":"https:\/\/terrenative.it\/wp-content\/uploads\/2025\/02\/cropped-Logo_Terre_Native_bianco_X-1.png","contentUrl":"https:\/\/terrenative.it\/wp-content\/uploads\/2025\/02\/cropped-Logo_Terre_Native_bianco_X-1.png","width":2721,"height":1998,"caption":"Terre native\u00ae"},"image":{"@id":"https:\/\/terrenative.it\/#\/schema\/logo\/image\/"}}]}},"_links":{"self":[{"href":"https:\/\/terrenative.it\/index.php\/wp-json\/wp\/v2\/pages\/10"}],"collection":[{"href":"https:\/\/terrenative.it\/index.php\/wp-json\/wp\/v2\/pages"}],"about":[{"href":"https:\/\/terrenative.it\/index.php\/wp-json\/wp\/v2\/types\/page"}],"author":[{"embeddable":true,"href":"https:\/\/terrenative.it\/index.php\/wp-json\/wp\/v2\/users\/1"}],"replies":[{"embeddable":true,"href":"https:\/\/terrenative.it\/index.php\/wp-json\/wp\/v2\/comments?post=10"}],"version-history":[{"count":15,"href":"https:\/\/terrenative.it\/index.php\/wp-json\/wp\/v2\/pages\/10\/revisions"}],"predecessor-version":[{"id":494,"href":"https:\/\/terrenative.it\/index.php\/wp-json\/wp\/v2\/pages\/10\/revisions\/494"}],"wp:attachment":[{"href":"https:\/\/terrenative.it\/index.php\/wp-json\/wp\/v2\/media?parent=10"}],"curies":[{"name":"wp","href":"https:\/\/api.w.org\/{rel}","templated":true}]}}